{"id":126,"date":"2019-05-07T21:50:29","date_gmt":"2019-05-07T19:50:29","guid":{"rendered":"http:\/\/www.4esbjerg.dk\/WP\/?page_id=126"},"modified":"2020-10-02T20:21:39","modified_gmt":"2020-10-02T18:21:39","slug":"rovfuglereden","status":"publish","type":"page","link":"http:\/\/www.4esbjerg.dk\/WP\/mere-om-gruppen\/rovfuglereden\/","title":{"rendered":"Rovfuglereden"},"content":{"rendered":"\n<p>Rovfuglereden er 4. Esbjerg&#8217;s egen hytte, beliggende p\u00e5 Alslevgrunden. Hytten er bygget som en patruljehytte med 10 sovepladser. Den ligger p\u00e5 Alslevgrunden, mellem Alslev \u00e5 og det millit\u00e6re \u00f8velsesterr\u00e6n til Varde kasserne.<\/p>\n\n\n\n<figure class=\"wp-block-gallery columns-2 is-cropped wp-block-gallery-1 is-layout-flex wp-block-gallery-is-layout-flex\"><ul class=\"blocks-gallery-grid\"><li class=\"blocks-gallery-item\"><figure><img data-recalc-dims=\"1\" decoding=\"async\" width=\"200\" height=\"150\" src=\"https:\/\/i0.wp.com\/www.4esbjerg.dk\/WP\/wp-content\/uploads\/2019\/05\/artikler_hytter_alslev_inde-1.jpg?resize=200%2C150\" alt=\"\" data-id=\"133\" class=\"wp-image-133\"\/><\/figure><\/li><li class=\"blocks-gallery-item\"><figure><img data-recalc-dims=\"1\" decoding=\"async\" width=\"200\" height=\"150\" src=\"https:\/\/i0.wp.com\/www.4esbjerg.dk\/WP\/wp-content\/uploads\/2019\/05\/artikler_hytter_alslev-1.jpg?resize=200%2C150\" alt=\"\" data-id=\"134\" data-link=\"http:\/\/www.4esbjerg.dk\/WP\/rovfuglereden\/artikler_hytter_alslev-2\/\" class=\"wp-image-134\"\/><\/figure><\/li><\/ul><\/figure>\n\n\n\n<p>Alslevgrunden er en 22 tdr. land stor naturgrund, k\u00f8bt af g\u00e5rdejer Schack i 1962. Alslevgrunden ejes af Ejendomsfonden KFUM Spejderne i Esbjerg, og herp\u00e5 ligger ogs\u00e5 hytterne Vestpassaten og \u00d8rneborgen.<\/p>\n\n\n\n<p>Grundstykket med 3 teltpladser, 2 grillhytter, en stor lejrb\u00e5lsplads <br>og store \u00e5bne arealer,&nbsp;totalt ca. 121.000 m<sup>2<\/sup>, kan lejes seperat. <\/p>\n\n\n\n<p>Hytten er en gammel hyggelig bj\u00e6lkehytte, som rigtigt lugter af spejder. <br>Der er hverken elektricitet eller rindende vand, men derimod gas og en gammeldags vandpumpe.&nbsp; <\/p>\n\n\n\n<p>Rovfuglereden blev p\u00e5begyndt i November m\u00e5ned 1963, og endelig indviet d. 23 Maj 1965. Rejsegildet blev afholdt d. 20. Juni 1964.<\/p>\n\n\n\n<figure class=\"wp-block-gallery columns-2 is-cropped wp-block-gallery-2 is-layout-flex wp-block-gallery-is-layout-flex\"><ul class=\"blocks-gallery-grid\"><li class=\"blocks-gallery-item\"><figure><img data-recalc-dims=\"1\" fetchpriority=\"high\" decoding=\"async\" width=\"500\" height=\"332\" src=\"https:\/\/i0.wp.com\/www.4esbjerg.dk\/WP\/wp-content\/uploads\/2019\/05\/artikler_hytter_alslev_byg1.jpg?resize=500%2C332\" alt=\"\" data-id=\"136\" data-link=\"http:\/\/www.4esbjerg.dk\/WP\/rovfuglereden\/artikler_hytter_alslev_byg1\/\" class=\"wp-image-136\" srcset=\"https:\/\/i0.wp.com\/www.4esbjerg.dk\/WP\/wp-content\/uploads\/2019\/05\/artikler_hytter_alslev_byg1.jpg?w=500 500w, https:\/\/i0.wp.com\/www.4esbjerg.dk\/WP\/wp-content\/uploads\/2019\/05\/artikler_hytter_alslev_byg1.jpg?resize=300%2C199 300w\" sizes=\"(max-width: 500px) 100vw, 500px\" \/><\/figure><\/li><li class=\"blocks-gallery-item\"><figure><img data-recalc-dims=\"1\" loading=\"lazy\" decoding=\"async\" width=\"500\" height=\"307\" src=\"https:\/\/i0.wp.com\/www.4esbjerg.dk\/WP\/wp-content\/uploads\/2019\/05\/artikler_hytter_alslev_byg2.jpg?resize=500%2C307\" alt=\"\" data-id=\"137\" data-link=\"http:\/\/www.4esbjerg.dk\/WP\/rovfuglereden\/artikler_hytter_alslev_byg2\/\" class=\"wp-image-137\" srcset=\"https:\/\/i0.wp.com\/www.4esbjerg.dk\/WP\/wp-content\/uploads\/2019\/05\/artikler_hytter_alslev_byg2.jpg?w=500 500w, https:\/\/i0.wp.com\/www.4esbjerg.dk\/WP\/wp-content\/uploads\/2019\/05\/artikler_hytter_alslev_byg2.jpg?resize=300%2C184 300w\" sizes=\"(max-width: 500px) 100vw, 500px\" \/><\/figure><\/li><\/ul><\/figure>\n\n\n\n<p><strong>Adresse<br><\/strong>Alslev Grunden<br>Alslev M\u00f8llevej 34<br>6800 Varde&nbsp; <\/p>\n\n\n\n<p><\/p>\n\n\n\n<p><strong>Hytte og lejrplads udlejes gennem:<\/strong><br>Niels Peter Silberbauer<br>mail:&nbsp;<a rel=\"noreferrer noopener\" href=\"mailto:hytteudlejning@4esbjerg.dk\" target=\"_blank\">hytteudlejning@4esbjerg.dk<\/a><\/p>\n\n\n\n<p>K\u00f8rselsvejledning<\/p>\n\n\n\n<p><a href=\"http:\/\/www.4esbjerg.dk\/WP\/wp-content\/uploads\/2020\/10\/K%C3%B8rselsvejledning_alslev.pdf\">Download vejledning her<\/a><\/p>\n\n\n\n<p><\/p>\n\n\n<div id=\"wpgmza_map\" class=\"wpgmza_map\" data-settings='{\"id\":\"1\",\"map_title\":\"Alslevgrunden\",\"map_width\":\"100\",\"map_height\":\"250\",\"map_start_lat\":\"55.579112\",\"map_start_lng\":\"8.429482\",\"map_start_location\":\"55.57911237240569,8.4294822982678\",\"map_start_zoom\":\"12\",\"default_marker\":\"0\",\"type\":\"1\",\"alignment\":\"1\",\"directions_enabled\":\"1\",\"styling_enabled\":\"0\",\"styling_json\":\"\",\"active\":\"0\",\"kml\":\"\",\"bicycle\":\"0\",\"traffic\":\"0\",\"dbox\":\"1\",\"dbox_width\":\"100\",\"listmarkers\":\"0\",\"listmarkers_advanced\":\"0\",\"filterbycat\":\"0\",\"ugm_enabled\":\"0\",\"ugm_category_enabled\":\"0\",\"fusion\":\"\",\"map_width_type\":\"\\\\%\",\"map_height_type\":\"px\",\"mass_marker_support\":\"1\",\"ugm_access\":\"0\",\"order_markers_by\":\"1\",\"order_markers_choice\":\"2\",\"show_user_location\":\"0\",\"default_to\":\"\",\"other_settings\":{\"store_locator_enabled\":2,\"store_locator_distance\":2,\"store_locator_default_radius\":\"10\",\"store_locator_not_found_message\":\"No results found in this location. Please try again.\",\"store_locator_bounce\":1,\"store_locator_query_string\":\"ZIP \\\/ Address:\",\"store_locator_default_address\":\"\",\"wpgmza_store_locator_restrict\":\"\",\"store_locator_style\":\"modern\",\"wpgmza_store_locator_radius_style\":\"modern\",\"map_max_zoom\":\"1\",\"transport_layer\":0,\"wpgmza_show_points_of_interest\":0}}' data-map-id='1' Data-maps-engine='open-layers' data-shortcode-attributes='{\"id\":\"1\"}' style=\"display:block; overflow:auto; width:100%; height:250px; float:left;\"><\/div>\n","protected":false},"excerpt":{"rendered":"<p>Rovfuglereden er 4. Esbjerg&#8217;s egen hytte, beliggende p\u00e5 Alslevgrunden. Hytten er bygget som en patruljehytte med 10 sovepladser. Den ligger p\u00e5 Alslevgrunden, mellem Alslev \u00e5 og det millit\u00e6re \u00f8velsesterr\u00e6n til Varde kasserne. Alslevgrunden er en 22 tdr. land stor naturgrund, k\u00f8bt af g\u00e5rdejer Schack i 1962. Alslevgrunden ejes af Ejendomsfonden KFUM Spejderne i Esbjerg, og&#8230;<\/p>\n","protected":false},"author":1,"featured_media":0,"parent":139,"menu_order":0,"comment_status":"closed","ping_status":"closed","template":"","meta":{"_exactmetrics_skip_tracking":false,"_exactmetrics_sitenote_active":false,"_exactmetrics_sitenote_note":"","_exactmetrics_sitenote_category":0,"_uf_show_specific_survey":0,"_uf_disable_surveys":false,"ngg_post_thumbnail":0,"footnotes":""},"class_list":["post-126","page","type-page","status-publish","hentry"],"aioseo_notices":[],"yoast_head":"<!-- This site is optimized with the Yoast SEO plugin v27.3 - https:\/\/yoast.com\/product\/yoast-seo-wordpress\/ -->\n<title>Rovfuglereden - KFUM 4. Esbjerg Gruppe<\/title>\n<meta name=\"robots\" content=\"index, follow, max-snippet:-1, max-image-preview:large, max-video-preview:-1\" \/>\n<link rel=\"canonical\" href=\"http:\/\/www.4esbjerg.dk\/WP\/mere-om-gruppen\/rovfuglereden\/\" \/>\n<meta property=\"og:locale\" content=\"en_US\" \/>\n<meta property=\"og:type\" content=\"article\" \/>\n<meta property=\"og:title\" content=\"Rovfuglereden - KFUM 4. Esbjerg Gruppe\" \/>\n<meta property=\"og:description\" content=\"Rovfuglereden er 4. Esbjerg&#8217;s egen hytte, beliggende p\u00e5 Alslevgrunden. Hytten er bygget som en patruljehytte med 10 sovepladser. Den ligger p\u00e5 Alslevgrunden, mellem Alslev \u00e5 og det millit\u00e6re \u00f8velsesterr\u00e6n til Varde kasserne. Alslevgrunden er en 22 tdr. land stor naturgrund, k\u00f8bt af g\u00e5rdejer Schack i 1962. Alslevgrunden ejes af Ejendomsfonden KFUM Spejderne i Esbjerg, og...\" \/>\n<meta property=\"og:url\" content=\"http:\/\/www.4esbjerg.dk\/WP\/mere-om-gruppen\/rovfuglereden\/\" \/>\n<meta property=\"og:site_name\" content=\"KFUM 4. Esbjerg Gruppe\" \/>\n<meta property=\"article:publisher\" content=\"http:\/\/www.facebook.com\/4esbjerg\/\" \/>\n<meta property=\"article:modified_time\" content=\"2020-10-02T18:21:39+00:00\" \/>\n<meta property=\"og:image\" content=\"http:\/\/www.4esbjerg.dk\/WP\/wp-content\/uploads\/2019\/05\/artikler_hytter_alslev_inde-1.jpg\" \/>\n<meta name=\"twitter:card\" content=\"summary_large_image\" \/>\n<meta name=\"twitter:label1\" content=\"Est. reading time\" \/>\n\t<meta name=\"twitter:data1\" content=\"1 minute\" \/>\n<script type=\"application\/ld+json\" class=\"yoast-schema-graph\">{\"@context\":\"https:\\\/\\\/schema.org\",\"@graph\":[{\"@type\":\"WebPage\",\"@id\":\"http:\\\/\\\/www.4esbjerg.dk\\\/WP\\\/mere-om-gruppen\\\/rovfuglereden\\\/\",\"url\":\"http:\\\/\\\/www.4esbjerg.dk\\\/WP\\\/mere-om-gruppen\\\/rovfuglereden\\\/\",\"name\":\"Rovfuglereden - KFUM 4. Esbjerg Gruppe\",\"isPartOf\":{\"@id\":\"http:\\\/\\\/www.4esbjerg.dk\\\/WP\\\/#website\"},\"primaryImageOfPage\":{\"@id\":\"http:\\\/\\\/www.4esbjerg.dk\\\/WP\\\/mere-om-gruppen\\\/rovfuglereden\\\/#primaryimage\"},\"image\":{\"@id\":\"http:\\\/\\\/www.4esbjerg.dk\\\/WP\\\/mere-om-gruppen\\\/rovfuglereden\\\/#primaryimage\"},\"thumbnailUrl\":\"http:\\\/\\\/www.4esbjerg.dk\\\/WP\\\/wp-content\\\/uploads\\\/2019\\\/05\\\/artikler_hytter_alslev_inde-1.jpg\",\"datePublished\":\"2019-05-07T19:50:29+00:00\",\"dateModified\":\"2020-10-02T18:21:39+00:00\",\"breadcrumb\":{\"@id\":\"http:\\\/\\\/www.4esbjerg.dk\\\/WP\\\/mere-om-gruppen\\\/rovfuglereden\\\/#breadcrumb\"},\"inLanguage\":\"en-US\",\"potentialAction\":[{\"@type\":\"ReadAction\",\"target\":[\"http:\\\/\\\/www.4esbjerg.dk\\\/WP\\\/mere-om-gruppen\\\/rovfuglereden\\\/\"]}]},{\"@type\":\"ImageObject\",\"inLanguage\":\"en-US\",\"@id\":\"http:\\\/\\\/www.4esbjerg.dk\\\/WP\\\/mere-om-gruppen\\\/rovfuglereden\\\/#primaryimage\",\"url\":\"https:\\\/\\\/i0.wp.com\\\/www.4esbjerg.dk\\\/WP\\\/wp-content\\\/uploads\\\/2019\\\/05\\\/artikler_hytter_alslev_inde-1.jpg?fit=200%2C150\",\"contentUrl\":\"https:\\\/\\\/i0.wp.com\\\/www.4esbjerg.dk\\\/WP\\\/wp-content\\\/uploads\\\/2019\\\/05\\\/artikler_hytter_alslev_inde-1.jpg?fit=200%2C150\",\"width\":200,\"height\":150},{\"@type\":\"BreadcrumbList\",\"@id\":\"http:\\\/\\\/www.4esbjerg.dk\\\/WP\\\/mere-om-gruppen\\\/rovfuglereden\\\/#breadcrumb\",\"itemListElement\":[{\"@type\":\"ListItem\",\"position\":1,\"name\":\"Home\",\"item\":\"http:\\\/\\\/www.4esbjerg.dk\\\/WP\\\/\"},{\"@type\":\"ListItem\",\"position\":2,\"name\":\"Mere om gruppen\",\"item\":\"http:\\\/\\\/www.4esbjerg.dk\\\/WP\\\/mere-om-gruppen\\\/\"},{\"@type\":\"ListItem\",\"position\":3,\"name\":\"Rovfuglereden\"}]},{\"@type\":\"WebSite\",\"@id\":\"http:\\\/\\\/www.4esbjerg.dk\\\/WP\\\/#website\",\"url\":\"http:\\\/\\\/www.4esbjerg.dk\\\/WP\\\/\",\"name\":\"KFUM 4. Esbjerg Gruppe\",\"description\":\"Er du til Spejderlivet eller klatring, s\u00e5 er du havnet det rigtige sted\",\"publisher\":{\"@id\":\"http:\\\/\\\/www.4esbjerg.dk\\\/WP\\\/#organization\"},\"potentialAction\":[{\"@type\":\"SearchAction\",\"target\":{\"@type\":\"EntryPoint\",\"urlTemplate\":\"http:\\\/\\\/www.4esbjerg.dk\\\/WP\\\/?s={search_term_string}\"},\"query-input\":{\"@type\":\"PropertyValueSpecification\",\"valueRequired\":true,\"valueName\":\"search_term_string\"}}],\"inLanguage\":\"en-US\"},{\"@type\":\"Organization\",\"@id\":\"http:\\\/\\\/www.4esbjerg.dk\\\/WP\\\/#organization\",\"name\":\"KFUM 4. Esbjerg Gruppe\",\"url\":\"http:\\\/\\\/www.4esbjerg.dk\\\/WP\\\/\",\"logo\":{\"@type\":\"ImageObject\",\"inLanguage\":\"en-US\",\"@id\":\"http:\\\/\\\/www.4esbjerg.dk\\\/WP\\\/#\\\/schema\\\/logo\\\/image\\\/\",\"url\":\"https:\\\/\\\/i0.wp.com\\\/www.4esbjerg.dk\\\/WP\\\/wp-content\\\/uploads\\\/2019\\\/05\\\/KFUM-Spejderne_farver_firkantet-redigeret.png?fit=867%2C867\",\"contentUrl\":\"https:\\\/\\\/i0.wp.com\\\/www.4esbjerg.dk\\\/WP\\\/wp-content\\\/uploads\\\/2019\\\/05\\\/KFUM-Spejderne_farver_firkantet-redigeret.png?fit=867%2C867\",\"width\":867,\"height\":867,\"caption\":\"KFUM 4. Esbjerg Gruppe\"},\"image\":{\"@id\":\"http:\\\/\\\/www.4esbjerg.dk\\\/WP\\\/#\\\/schema\\\/logo\\\/image\\\/\"},\"sameAs\":[\"http:\\\/\\\/www.facebook.com\\\/4esbjerg\\\/\"]}]}<\/script>\n<!-- \/ Yoast SEO plugin. -->","yoast_head_json":{"title":"Rovfuglereden - KFUM 4. Esbjerg Gruppe","robots":{"index":"index","follow":"follow","max-snippet":"max-snippet:-1","max-image-preview":"max-image-preview:large","max-video-preview":"max-video-preview:-1"},"canonical":"http:\/\/www.4esbjerg.dk\/WP\/mere-om-gruppen\/rovfuglereden\/","og_locale":"en_US","og_type":"article","og_title":"Rovfuglereden - KFUM 4. Esbjerg Gruppe","og_description":"Rovfuglereden er 4. Esbjerg&#8217;s egen hytte, beliggende p\u00e5 Alslevgrunden. Hytten er bygget som en patruljehytte med 10 sovepladser. Den ligger p\u00e5 Alslevgrunden, mellem Alslev \u00e5 og det millit\u00e6re \u00f8velsesterr\u00e6n til Varde kasserne. Alslevgrunden er en 22 tdr. land stor naturgrund, k\u00f8bt af g\u00e5rdejer Schack i 1962. Alslevgrunden ejes af Ejendomsfonden KFUM Spejderne i Esbjerg, og...","og_url":"http:\/\/www.4esbjerg.dk\/WP\/mere-om-gruppen\/rovfuglereden\/","og_site_name":"KFUM 4. Esbjerg Gruppe","article_publisher":"http:\/\/www.facebook.com\/4esbjerg\/","article_modified_time":"2020-10-02T18:21:39+00:00","og_image":[{"url":"http:\/\/www.4esbjerg.dk\/WP\/wp-content\/uploads\/2019\/05\/artikler_hytter_alslev_inde-1.jpg","type":"","width":"","height":""}],"twitter_card":"summary_large_image","twitter_misc":{"Est. reading time":"1 minute"},"schema":{"@context":"https:\/\/schema.org","@graph":[{"@type":"WebPage","@id":"http:\/\/www.4esbjerg.dk\/WP\/mere-om-gruppen\/rovfuglereden\/","url":"http:\/\/www.4esbjerg.dk\/WP\/mere-om-gruppen\/rovfuglereden\/","name":"Rovfuglereden - KFUM 4. Esbjerg Gruppe","isPartOf":{"@id":"http:\/\/www.4esbjerg.dk\/WP\/#website"},"primaryImageOfPage":{"@id":"http:\/\/www.4esbjerg.dk\/WP\/mere-om-gruppen\/rovfuglereden\/#primaryimage"},"image":{"@id":"http:\/\/www.4esbjerg.dk\/WP\/mere-om-gruppen\/rovfuglereden\/#primaryimage"},"thumbnailUrl":"http:\/\/www.4esbjerg.dk\/WP\/wp-content\/uploads\/2019\/05\/artikler_hytter_alslev_inde-1.jpg","datePublished":"2019-05-07T19:50:29+00:00","dateModified":"2020-10-02T18:21:39+00:00","breadcrumb":{"@id":"http:\/\/www.4esbjerg.dk\/WP\/mere-om-gruppen\/rovfuglereden\/#breadcrumb"},"inLanguage":"en-US","potentialAction":[{"@type":"ReadAction","target":["http:\/\/www.4esbjerg.dk\/WP\/mere-om-gruppen\/rovfuglereden\/"]}]},{"@type":"ImageObject","inLanguage":"en-US","@id":"http:\/\/www.4esbjerg.dk\/WP\/mere-om-gruppen\/rovfuglereden\/#primaryimage","url":"https:\/\/i0.wp.com\/www.4esbjerg.dk\/WP\/wp-content\/uploads\/2019\/05\/artikler_hytter_alslev_inde-1.jpg?fit=200%2C150","contentUrl":"https:\/\/i0.wp.com\/www.4esbjerg.dk\/WP\/wp-content\/uploads\/2019\/05\/artikler_hytter_alslev_inde-1.jpg?fit=200%2C150","width":200,"height":150},{"@type":"BreadcrumbList","@id":"http:\/\/www.4esbjerg.dk\/WP\/mere-om-gruppen\/rovfuglereden\/#breadcrumb","itemListElement":[{"@type":"ListItem","position":1,"name":"Home","item":"http:\/\/www.4esbjerg.dk\/WP\/"},{"@type":"ListItem","position":2,"name":"Mere om gruppen","item":"http:\/\/www.4esbjerg.dk\/WP\/mere-om-gruppen\/"},{"@type":"ListItem","position":3,"name":"Rovfuglereden"}]},{"@type":"WebSite","@id":"http:\/\/www.4esbjerg.dk\/WP\/#website","url":"http:\/\/www.4esbjerg.dk\/WP\/","name":"KFUM 4. Esbjerg Gruppe","description":"Er du til Spejderlivet eller klatring, s\u00e5 er du havnet det rigtige sted","publisher":{"@id":"http:\/\/www.4esbjerg.dk\/WP\/#organization"},"potentialAction":[{"@type":"SearchAction","target":{"@type":"EntryPoint","urlTemplate":"http:\/\/www.4esbjerg.dk\/WP\/?s={search_term_string}"},"query-input":{"@type":"PropertyValueSpecification","valueRequired":true,"valueName":"search_term_string"}}],"inLanguage":"en-US"},{"@type":"Organization","@id":"http:\/\/www.4esbjerg.dk\/WP\/#organization","name":"KFUM 4. Esbjerg Gruppe","url":"http:\/\/www.4esbjerg.dk\/WP\/","logo":{"@type":"ImageObject","inLanguage":"en-US","@id":"http:\/\/www.4esbjerg.dk\/WP\/#\/schema\/logo\/image\/","url":"https:\/\/i0.wp.com\/www.4esbjerg.dk\/WP\/wp-content\/uploads\/2019\/05\/KFUM-Spejderne_farver_firkantet-redigeret.png?fit=867%2C867","contentUrl":"https:\/\/i0.wp.com\/www.4esbjerg.dk\/WP\/wp-content\/uploads\/2019\/05\/KFUM-Spejderne_farver_firkantet-redigeret.png?fit=867%2C867","width":867,"height":867,"caption":"KFUM 4. Esbjerg Gruppe"},"image":{"@id":"http:\/\/www.4esbjerg.dk\/WP\/#\/schema\/logo\/image\/"},"sameAs":["http:\/\/www.facebook.com\/4esbjerg\/"]}]}},"jetpack_sharing_enabled":true,"_links":{"self":[{"href":"http:\/\/www.4esbjerg.dk\/WP\/wp-json\/wp\/v2\/pages\/126","targetHints":{"allow":["GET"]}}],"collection":[{"href":"http:\/\/www.4esbjerg.dk\/WP\/wp-json\/wp\/v2\/pages"}],"about":[{"href":"http:\/\/www.4esbjerg.dk\/WP\/wp-json\/wp\/v2\/types\/page"}],"author":[{"embeddable":true,"href":"http:\/\/www.4esbjerg.dk\/WP\/wp-json\/wp\/v2\/users\/1"}],"replies":[{"embeddable":true,"href":"http:\/\/www.4esbjerg.dk\/WP\/wp-json\/wp\/v2\/comments?post=126"}],"version-history":[{"count":5,"href":"http:\/\/www.4esbjerg.dk\/WP\/wp-json\/wp\/v2\/pages\/126\/revisions"}],"predecessor-version":[{"id":457,"href":"http:\/\/www.4esbjerg.dk\/WP\/wp-json\/wp\/v2\/pages\/126\/revisions\/457"}],"up":[{"embeddable":true,"href":"http:\/\/www.4esbjerg.dk\/WP\/wp-json\/wp\/v2\/pages\/139"}],"wp:attachment":[{"href":"http:\/\/www.4esbjerg.dk\/WP\/wp-json\/wp\/v2\/media?parent=126"}],"curies":[{"name":"wp","href":"https:\/\/api.w.org\/{rel}","templated":true}]}}