{"id":161,"date":"2019-05-08T22:40:29","date_gmt":"2019-05-08T20:40:29","guid":{"rendered":"http:\/\/www.4esbjerg.dk\/WP\/?page_id=161"},"modified":"2025-04-29T21:20:52","modified_gmt":"2025-04-29T20:20:52","slug":"golfhuset","status":"publish","type":"page","link":"http:\/\/www.4esbjerg.dk\/WP\/mere-om-gruppen\/golfhuset\/","title":{"rendered":"Golfhuset"},"content":{"rendered":"\n<p>Det er her vi i mange \u00e5r har holdt de ugentlige m\u00f8der, men det g\u00f8r vi ikke mere. Golfhuset er blevet overtaget af Vitaskolen, og skal fremover bruges til skoleaktiviteter. Huset er placeret ved de gamle golfbaner, hvilket giver masser af udenomsplads til udend\u00f8rs aktiviteter.<\/p>\n\n\n\n<p>Alle vores spejderaktiviteter foreg\u00e5r pr 01.01.2025 p\u00e5 Sl\u00e5envej 7, 6715 Esbjerg N, ved Spejdercenter Esbjerg<\/p>\n\n\n\n<p><\/p>\n\n\n<div class=\"wp-block-image\">\n<figure class=\"aligncenter is-resized\"><img data-recalc-dims=\"1\" decoding=\"async\" width=\"200\" height=\"150\" src=\"https:\/\/i0.wp.com\/www.4esbjerg.dk\/WP\/wp-content\/uploads\/2019\/05\/golfhuset.jpg?resize=200%2C150\" alt=\"\" class=\"wp-image-162\" style=\"width:349px;height:262px\"\/><figcaption class=\"wp-element-caption\">Golfhuset<\/figcaption><\/figure>\n<\/div>\n\n\n<p><strong>Adresse<\/strong><br>Golfhytten<br>Golfvej 2<br>6715 Esbjerg N<\/p>\n\n\n\n<p>Hytten ejes af Esbjerg Kommune.<\/p>\n\n\n\n<p><\/p>\n","protected":false},"excerpt":{"rendered":"<p>Det er her vi i mange \u00e5r har holdt de ugentlige m\u00f8der, men det g\u00f8r vi ikke mere. Golfhuset er blevet overtaget af Vitaskolen, og skal fremover bruges til skoleaktiviteter. Huset er placeret ved de gamle golfbaner, hvilket giver masser af udenomsplads til udend\u00f8rs aktiviteter. Alle vores spejderaktiviteter foreg\u00e5r pr 01.01.2025 p\u00e5 Sl\u00e5envej 7, 6715&#8230;<\/p>\n","protected":false},"author":1,"featured_media":0,"parent":139,"menu_order":2,"comment_status":"closed","ping_status":"closed","template":"","meta":{"_exactmetrics_skip_tracking":false,"_exactmetrics_sitenote_active":false,"_exactmetrics_sitenote_note":"","_exactmetrics_sitenote_category":0,"_uf_show_specific_survey":0,"_uf_disable_surveys":false,"ngg_post_thumbnail":0,"footnotes":""},"class_list":["post-161","page","type-page","status-publish","hentry"],"aioseo_notices":[],"yoast_head":"<!-- This site is optimized with the Yoast SEO plugin v27.3 - https:\/\/yoast.com\/product\/yoast-seo-wordpress\/ -->\n<title>Golfhuset - KFUM 4. Esbjerg Gruppe<\/title>\n<meta name=\"robots\" content=\"index, follow, max-snippet:-1, max-image-preview:large, max-video-preview:-1\" \/>\n<link rel=\"canonical\" href=\"http:\/\/www.4esbjerg.dk\/WP\/mere-om-gruppen\/golfhuset\/\" \/>\n<meta property=\"og:locale\" content=\"en_US\" \/>\n<meta property=\"og:type\" content=\"article\" \/>\n<meta property=\"og:title\" content=\"Golfhuset - KFUM 4. Esbjerg Gruppe\" \/>\n<meta property=\"og:description\" content=\"Det er her vi i mange \u00e5r har holdt de ugentlige m\u00f8der, men det g\u00f8r vi ikke mere. Golfhuset er blevet overtaget af Vitaskolen, og skal fremover bruges til skoleaktiviteter. Huset er placeret ved de gamle golfbaner, hvilket giver masser af udenomsplads til udend\u00f8rs aktiviteter. Alle vores spejderaktiviteter foreg\u00e5r pr 01.01.2025 p\u00e5 Sl\u00e5envej 7, 6715...\" \/>\n<meta property=\"og:url\" content=\"http:\/\/www.4esbjerg.dk\/WP\/mere-om-gruppen\/golfhuset\/\" \/>\n<meta property=\"og:site_name\" content=\"KFUM 4. Esbjerg Gruppe\" \/>\n<meta property=\"article:publisher\" content=\"http:\/\/www.facebook.com\/4esbjerg\/\" \/>\n<meta property=\"article:modified_time\" content=\"2025-04-29T20:20:52+00:00\" \/>\n<meta property=\"og:image\" content=\"http:\/\/www.4esbjerg.dk\/WP\/wp-content\/uploads\/2019\/05\/golfhuset.jpg\" \/>\n<meta name=\"twitter:card\" content=\"summary_large_image\" \/>\n<meta name=\"twitter:label1\" content=\"Est. reading time\" \/>\n\t<meta name=\"twitter:data1\" content=\"1 minute\" \/>\n<script type=\"application\/ld+json\" class=\"yoast-schema-graph\">{\"@context\":\"https:\\\/\\\/schema.org\",\"@graph\":[{\"@type\":\"WebPage\",\"@id\":\"http:\\\/\\\/www.4esbjerg.dk\\\/WP\\\/mere-om-gruppen\\\/golfhuset\\\/\",\"url\":\"http:\\\/\\\/www.4esbjerg.dk\\\/WP\\\/mere-om-gruppen\\\/golfhuset\\\/\",\"name\":\"Golfhuset - KFUM 4. Esbjerg Gruppe\",\"isPartOf\":{\"@id\":\"http:\\\/\\\/www.4esbjerg.dk\\\/WP\\\/#website\"},\"primaryImageOfPage\":{\"@id\":\"http:\\\/\\\/www.4esbjerg.dk\\\/WP\\\/mere-om-gruppen\\\/golfhuset\\\/#primaryimage\"},\"image\":{\"@id\":\"http:\\\/\\\/www.4esbjerg.dk\\\/WP\\\/mere-om-gruppen\\\/golfhuset\\\/#primaryimage\"},\"thumbnailUrl\":\"http:\\\/\\\/www.4esbjerg.dk\\\/WP\\\/wp-content\\\/uploads\\\/2019\\\/05\\\/golfhuset.jpg\",\"datePublished\":\"2019-05-08T20:40:29+00:00\",\"dateModified\":\"2025-04-29T20:20:52+00:00\",\"breadcrumb\":{\"@id\":\"http:\\\/\\\/www.4esbjerg.dk\\\/WP\\\/mere-om-gruppen\\\/golfhuset\\\/#breadcrumb\"},\"inLanguage\":\"en-US\",\"potentialAction\":[{\"@type\":\"ReadAction\",\"target\":[\"http:\\\/\\\/www.4esbjerg.dk\\\/WP\\\/mere-om-gruppen\\\/golfhuset\\\/\"]}]},{\"@type\":\"ImageObject\",\"inLanguage\":\"en-US\",\"@id\":\"http:\\\/\\\/www.4esbjerg.dk\\\/WP\\\/mere-om-gruppen\\\/golfhuset\\\/#primaryimage\",\"url\":\"https:\\\/\\\/i0.wp.com\\\/www.4esbjerg.dk\\\/WP\\\/wp-content\\\/uploads\\\/2019\\\/05\\\/golfhuset.jpg?fit=200%2C150\",\"contentUrl\":\"https:\\\/\\\/i0.wp.com\\\/www.4esbjerg.dk\\\/WP\\\/wp-content\\\/uploads\\\/2019\\\/05\\\/golfhuset.jpg?fit=200%2C150\",\"width\":200,\"height\":150},{\"@type\":\"BreadcrumbList\",\"@id\":\"http:\\\/\\\/www.4esbjerg.dk\\\/WP\\\/mere-om-gruppen\\\/golfhuset\\\/#breadcrumb\",\"itemListElement\":[{\"@type\":\"ListItem\",\"position\":1,\"name\":\"Home\",\"item\":\"http:\\\/\\\/www.4esbjerg.dk\\\/WP\\\/\"},{\"@type\":\"ListItem\",\"position\":2,\"name\":\"Mere om gruppen\",\"item\":\"http:\\\/\\\/www.4esbjerg.dk\\\/WP\\\/mere-om-gruppen\\\/\"},{\"@type\":\"ListItem\",\"position\":3,\"name\":\"Golfhuset\"}]},{\"@type\":\"WebSite\",\"@id\":\"http:\\\/\\\/www.4esbjerg.dk\\\/WP\\\/#website\",\"url\":\"http:\\\/\\\/www.4esbjerg.dk\\\/WP\\\/\",\"name\":\"KFUM 4. Esbjerg Gruppe\",\"description\":\"Er du til Spejderlivet eller klatring, s\u00e5 er du havnet det rigtige sted\",\"publisher\":{\"@id\":\"http:\\\/\\\/www.4esbjerg.dk\\\/WP\\\/#organization\"},\"potentialAction\":[{\"@type\":\"SearchAction\",\"target\":{\"@type\":\"EntryPoint\",\"urlTemplate\":\"http:\\\/\\\/www.4esbjerg.dk\\\/WP\\\/?s={search_term_string}\"},\"query-input\":{\"@type\":\"PropertyValueSpecification\",\"valueRequired\":true,\"valueName\":\"search_term_string\"}}],\"inLanguage\":\"en-US\"},{\"@type\":\"Organization\",\"@id\":\"http:\\\/\\\/www.4esbjerg.dk\\\/WP\\\/#organization\",\"name\":\"KFUM 4. Esbjerg Gruppe\",\"url\":\"http:\\\/\\\/www.4esbjerg.dk\\\/WP\\\/\",\"logo\":{\"@type\":\"ImageObject\",\"inLanguage\":\"en-US\",\"@id\":\"http:\\\/\\\/www.4esbjerg.dk\\\/WP\\\/#\\\/schema\\\/logo\\\/image\\\/\",\"url\":\"https:\\\/\\\/i0.wp.com\\\/www.4esbjerg.dk\\\/WP\\\/wp-content\\\/uploads\\\/2019\\\/05\\\/KFUM-Spejderne_farver_firkantet-redigeret.png?fit=867%2C867\",\"contentUrl\":\"https:\\\/\\\/i0.wp.com\\\/www.4esbjerg.dk\\\/WP\\\/wp-content\\\/uploads\\\/2019\\\/05\\\/KFUM-Spejderne_farver_firkantet-redigeret.png?fit=867%2C867\",\"width\":867,\"height\":867,\"caption\":\"KFUM 4. Esbjerg Gruppe\"},\"image\":{\"@id\":\"http:\\\/\\\/www.4esbjerg.dk\\\/WP\\\/#\\\/schema\\\/logo\\\/image\\\/\"},\"sameAs\":[\"http:\\\/\\\/www.facebook.com\\\/4esbjerg\\\/\"]}]}<\/script>\n<!-- \/ Yoast SEO plugin. -->","yoast_head_json":{"title":"Golfhuset - KFUM 4. Esbjerg Gruppe","robots":{"index":"index","follow":"follow","max-snippet":"max-snippet:-1","max-image-preview":"max-image-preview:large","max-video-preview":"max-video-preview:-1"},"canonical":"http:\/\/www.4esbjerg.dk\/WP\/mere-om-gruppen\/golfhuset\/","og_locale":"en_US","og_type":"article","og_title":"Golfhuset - KFUM 4. Esbjerg Gruppe","og_description":"Det er her vi i mange \u00e5r har holdt de ugentlige m\u00f8der, men det g\u00f8r vi ikke mere. Golfhuset er blevet overtaget af Vitaskolen, og skal fremover bruges til skoleaktiviteter. Huset er placeret ved de gamle golfbaner, hvilket giver masser af udenomsplads til udend\u00f8rs aktiviteter. Alle vores spejderaktiviteter foreg\u00e5r pr 01.01.2025 p\u00e5 Sl\u00e5envej 7, 6715...","og_url":"http:\/\/www.4esbjerg.dk\/WP\/mere-om-gruppen\/golfhuset\/","og_site_name":"KFUM 4. Esbjerg Gruppe","article_publisher":"http:\/\/www.facebook.com\/4esbjerg\/","article_modified_time":"2025-04-29T20:20:52+00:00","og_image":[{"url":"http:\/\/www.4esbjerg.dk\/WP\/wp-content\/uploads\/2019\/05\/golfhuset.jpg","type":"","width":"","height":""}],"twitter_card":"summary_large_image","twitter_misc":{"Est. reading time":"1 minute"},"schema":{"@context":"https:\/\/schema.org","@graph":[{"@type":"WebPage","@id":"http:\/\/www.4esbjerg.dk\/WP\/mere-om-gruppen\/golfhuset\/","url":"http:\/\/www.4esbjerg.dk\/WP\/mere-om-gruppen\/golfhuset\/","name":"Golfhuset - KFUM 4. Esbjerg Gruppe","isPartOf":{"@id":"http:\/\/www.4esbjerg.dk\/WP\/#website"},"primaryImageOfPage":{"@id":"http:\/\/www.4esbjerg.dk\/WP\/mere-om-gruppen\/golfhuset\/#primaryimage"},"image":{"@id":"http:\/\/www.4esbjerg.dk\/WP\/mere-om-gruppen\/golfhuset\/#primaryimage"},"thumbnailUrl":"http:\/\/www.4esbjerg.dk\/WP\/wp-content\/uploads\/2019\/05\/golfhuset.jpg","datePublished":"2019-05-08T20:40:29+00:00","dateModified":"2025-04-29T20:20:52+00:00","breadcrumb":{"@id":"http:\/\/www.4esbjerg.dk\/WP\/mere-om-gruppen\/golfhuset\/#breadcrumb"},"inLanguage":"en-US","potentialAction":[{"@type":"ReadAction","target":["http:\/\/www.4esbjerg.dk\/WP\/mere-om-gruppen\/golfhuset\/"]}]},{"@type":"ImageObject","inLanguage":"en-US","@id":"http:\/\/www.4esbjerg.dk\/WP\/mere-om-gruppen\/golfhuset\/#primaryimage","url":"https:\/\/i0.wp.com\/www.4esbjerg.dk\/WP\/wp-content\/uploads\/2019\/05\/golfhuset.jpg?fit=200%2C150","contentUrl":"https:\/\/i0.wp.com\/www.4esbjerg.dk\/WP\/wp-content\/uploads\/2019\/05\/golfhuset.jpg?fit=200%2C150","width":200,"height":150},{"@type":"BreadcrumbList","@id":"http:\/\/www.4esbjerg.dk\/WP\/mere-om-gruppen\/golfhuset\/#breadcrumb","itemListElement":[{"@type":"ListItem","position":1,"name":"Home","item":"http:\/\/www.4esbjerg.dk\/WP\/"},{"@type":"ListItem","position":2,"name":"Mere om gruppen","item":"http:\/\/www.4esbjerg.dk\/WP\/mere-om-gruppen\/"},{"@type":"ListItem","position":3,"name":"Golfhuset"}]},{"@type":"WebSite","@id":"http:\/\/www.4esbjerg.dk\/WP\/#website","url":"http:\/\/www.4esbjerg.dk\/WP\/","name":"KFUM 4. Esbjerg Gruppe","description":"Er du til Spejderlivet eller klatring, s\u00e5 er du havnet det rigtige sted","publisher":{"@id":"http:\/\/www.4esbjerg.dk\/WP\/#organization"},"potentialAction":[{"@type":"SearchAction","target":{"@type":"EntryPoint","urlTemplate":"http:\/\/www.4esbjerg.dk\/WP\/?s={search_term_string}"},"query-input":{"@type":"PropertyValueSpecification","valueRequired":true,"valueName":"search_term_string"}}],"inLanguage":"en-US"},{"@type":"Organization","@id":"http:\/\/www.4esbjerg.dk\/WP\/#organization","name":"KFUM 4. Esbjerg Gruppe","url":"http:\/\/www.4esbjerg.dk\/WP\/","logo":{"@type":"ImageObject","inLanguage":"en-US","@id":"http:\/\/www.4esbjerg.dk\/WP\/#\/schema\/logo\/image\/","url":"https:\/\/i0.wp.com\/www.4esbjerg.dk\/WP\/wp-content\/uploads\/2019\/05\/KFUM-Spejderne_farver_firkantet-redigeret.png?fit=867%2C867","contentUrl":"https:\/\/i0.wp.com\/www.4esbjerg.dk\/WP\/wp-content\/uploads\/2019\/05\/KFUM-Spejderne_farver_firkantet-redigeret.png?fit=867%2C867","width":867,"height":867,"caption":"KFUM 4. Esbjerg Gruppe"},"image":{"@id":"http:\/\/www.4esbjerg.dk\/WP\/#\/schema\/logo\/image\/"},"sameAs":["http:\/\/www.facebook.com\/4esbjerg\/"]}]}},"jetpack_sharing_enabled":true,"_links":{"self":[{"href":"http:\/\/www.4esbjerg.dk\/WP\/wp-json\/wp\/v2\/pages\/161","targetHints":{"allow":["GET"]}}],"collection":[{"href":"http:\/\/www.4esbjerg.dk\/WP\/wp-json\/wp\/v2\/pages"}],"about":[{"href":"http:\/\/www.4esbjerg.dk\/WP\/wp-json\/wp\/v2\/types\/page"}],"author":[{"embeddable":true,"href":"http:\/\/www.4esbjerg.dk\/WP\/wp-json\/wp\/v2\/users\/1"}],"replies":[{"embeddable":true,"href":"http:\/\/www.4esbjerg.dk\/WP\/wp-json\/wp\/v2\/comments?post=161"}],"version-history":[{"count":3,"href":"http:\/\/www.4esbjerg.dk\/WP\/wp-json\/wp\/v2\/pages\/161\/revisions"}],"predecessor-version":[{"id":996,"href":"http:\/\/www.4esbjerg.dk\/WP\/wp-json\/wp\/v2\/pages\/161\/revisions\/996"}],"up":[{"embeddable":true,"href":"http:\/\/www.4esbjerg.dk\/WP\/wp-json\/wp\/v2\/pages\/139"}],"wp:attachment":[{"href":"http:\/\/www.4esbjerg.dk\/WP\/wp-json\/wp\/v2\/media?parent=161"}],"curies":[{"name":"wp","href":"https:\/\/api.w.org\/{rel}","templated":true}]}}