{"id":538,"date":"2021-08-26T09:23:16","date_gmt":"2021-08-26T08:23:16","guid":{"rendered":"http:\/\/www.4esbjerg.dk\/WP\/?page_id=538"},"modified":"2025-06-21T15:38:40","modified_gmt":"2025-06-21T14:38:40","slug":"familie-spejder","status":"publish","type":"page","link":"http:\/\/www.4esbjerg.dk\/WP\/familie-spejder\/","title":{"rendered":"Familie spejder 2025"},"content":{"rendered":"\n<p>Familiespejder troppen starter igen efter sommerferien 2025. F\u00f8rste gang er 31. August 2025. Hvis du er interesseret i familiespejder, s\u00e5 kontakt os via email p\u00e5 <a href=\"mailto:info@4esbjerg.dk\">info@4esbjerg.dk<\/a>. <\/p>\n\n\n\n<p><\/p>\n\n\n\n<p>Familispejder er for b\u00f8rn med for\u00e6ldre fra 3 \u00e5r og til og med 0. klasse.<\/p>\n\n\n\n<hr class=\"wp-block-separator has-alpha-channel-opacity\"\/>\n\n\n\n<p><\/p>\n\n\n\n<p>Herunder kan i se hvad vi tidligere har lavet til familiespejder:<\/p>\n\n\n\n<p><\/p>\n\n\n\n<figure class=\"wp-block-image size-large\"><img fetchpriority=\"high\" decoding=\"async\" width=\"3456\" height=\"4608\" src=\"https:\/\/i2.wp.com\/www.4esbjerg.dk\/WP\/wp-content\/uploads\/2024\/01\/KFUM-4.Esbjerg-Gruppe-Familiespejder-2024.png?fit=640%2C853\" alt=\"\" class=\"wp-image-797\" srcset=\"https:\/\/i0.wp.com\/www.4esbjerg.dk\/WP\/wp-content\/uploads\/2024\/01\/KFUM-4.Esbjerg-Gruppe-Familiespejder-2024.png?w=3456 3456w, https:\/\/i0.wp.com\/www.4esbjerg.dk\/WP\/wp-content\/uploads\/2024\/01\/KFUM-4.Esbjerg-Gruppe-Familiespejder-2024.png?resize=225%2C300 225w, https:\/\/i0.wp.com\/www.4esbjerg.dk\/WP\/wp-content\/uploads\/2024\/01\/KFUM-4.Esbjerg-Gruppe-Familiespejder-2024.png?resize=768%2C1024 768w, https:\/\/i0.wp.com\/www.4esbjerg.dk\/WP\/wp-content\/uploads\/2024\/01\/KFUM-4.Esbjerg-Gruppe-Familiespejder-2024.png?resize=300%2C400 300w, https:\/\/i0.wp.com\/www.4esbjerg.dk\/WP\/wp-content\/uploads\/2024\/01\/KFUM-4.Esbjerg-Gruppe-Familiespejder-2024.png?resize=1152%2C1536 1152w, https:\/\/i0.wp.com\/www.4esbjerg.dk\/WP\/wp-content\/uploads\/2024\/01\/KFUM-4.Esbjerg-Gruppe-Familiespejder-2024.png?resize=1536%2C2048 1536w, https:\/\/i0.wp.com\/www.4esbjerg.dk\/WP\/wp-content\/uploads\/2024\/01\/KFUM-4.Esbjerg-Gruppe-Familiespejder-2024.png?resize=800%2C1067 800w, https:\/\/i0.wp.com\/www.4esbjerg.dk\/WP\/wp-content\/uploads\/2024\/01\/KFUM-4.Esbjerg-Gruppe-Familiespejder-2024.png?w=1280 1280w, https:\/\/i0.wp.com\/www.4esbjerg.dk\/WP\/wp-content\/uploads\/2024\/01\/KFUM-4.Esbjerg-Gruppe-Familiespejder-2024.png?w=1920 1920w\" sizes=\"(max-width: 640px) 100vw, 640px\" \/><\/figure>\n\n\n\n<p>Familie spejder er for familier inklusiv b\u00f8rn  der har lyst til at f\u00e5 nogle hyggelige oplevelser med hinanden og andre med udgangspunkt i naturen. Aktiviteter er henvendt til b\u00f8rn i alderen 3 &#8211; 6 \u00e5r, men s\u00f8skende er ogs\u00e5 velkomne.  <\/p>\n\n\n\n<p>Vi udfordrer b\u00e5de b\u00f8rn og for\u00e6ldre med kreative opgaver og sjove lege. N\u00e5r vejret et til det, s\u00e5 slutter vi af med at lave mad p\u00e5 b\u00e5l. Kom og v\u00e6r med.   <\/p>\n\n\n\n<p>Vi har tidligere m\u00f8dtes kl. 09:30 &#8211; 12:30 1 s\u00f8ndag pr m\u00e5ned.<\/p>\n\n\n\n<figure class=\"wp-block-table is-style-stripes\"><table><tbody><tr><td><span style=\"text-decoration: underline;\">2023<\/span><\/td><td><\/td><\/tr><tr><td>9\/9<\/td><td>F\u00e6llesspisning med helstegt pattegris samt overnatning for dem som har lyst (hele gruppen er inviteret). Separat invitation udsendes. <\/td><\/tr><tr><td>24\/9<\/td><td>Spis naturen. <br>Medbring syltet\u00f8jsglas.<br>Vi samler frugt og laver marmelade og pandekager.<\/td><\/tr><tr><td>29\/10<\/td><td>Halloween. Vi laver gr\u00e6skar hoveder og bager mumiep\u00f8lsehorn.<\/td><\/tr><tr><td>22\/11<\/td><td>Juleafslutning med gl\u00f8gg og \u00e6bleskiver for hele gruppen. Separat invitation udsendes.<\/td><\/tr><tr><td>26\/11<\/td><td>Julestue. Medbring pynt og lys til juledekorationen. Vi laver \u00e6bleskiver og varm kakao.<br>M\u00f8dested: Juletr\u00e6spladsen ved bilka s\u00f8en<\/td><\/tr><tr><td><\/td><td><\/td><\/tr><tr><td><span style=\"text-decoration: underline;\">2024<\/span><\/td><td><\/td><\/tr><tr><td>28\/1<\/td><td>Bamsel\u00e6ge. Medbring din yndlingsbamse. Vi laver suppe og bamseboller. <\/td><\/tr><tr><td>25\/2<\/td><td>Fastelavn. B\u00f8rn og for\u00e6ldre er udkl\u00e6dt. Vi laver vores egne        t\u00f8nder og bager fastelavnsboller.<\/td><\/tr><tr><td>17\/3<\/td><td>K\u00f8kkenhave. Vi bygger skelettet til k\u00f8kkenhaven. Vi laver mad p\u00e5 b\u00e5l.<\/td><\/tr><tr><td>28\/4<\/td><td>K\u00f8kkenhave. Vi planter k\u00f8kkenhaven. Vi laver mad p\u00e5 b\u00e5l. <\/td><\/tr><tr><td>26\/5<\/td><td>Marb\u00e6kdag kl 10-16.<br>Vi laver O-l\u00f8b for familiespejder b\u00f8rnene kl. 11-12. Til dem som har lyst, er der overnatning fra L\u00f8rdag til S\u00f8ndag i shelters sammen med hele gruppen.<br>M\u00f8dested: Myrthueg\u00e5rd<\/td><\/tr><tr><td>30\/6<\/td><td>Krabbetur. Medbring gummis\u00f8vler og badet\u00f8j. Medbring egen madpakke. <br>M\u00f8dested: Lysstien ved Hjerting strand. <\/td><\/tr><tr><td><\/td><td><\/td><\/tr><\/tbody><\/table><\/figure>\n","protected":false},"excerpt":{"rendered":"<p>Familiespejder troppen starter igen efter sommerferien 2025. F\u00f8rste gang er 31. August 2025. Hvis du er interesseret i familiespejder, s\u00e5 kontakt os via email p\u00e5 info@4esbjerg.dk. Familispejder er for b\u00f8rn med for\u00e6ldre fra 3 \u00e5r og til og med 0. klasse. Herunder kan i se hvad vi tidligere har lavet til familiespejder: Familie spejder er&#8230;<\/p>\n","protected":false},"author":1,"featured_media":542,"parent":0,"menu_order":0,"comment_status":"closed","ping_status":"closed","template":"","meta":{"_exactmetrics_skip_tracking":false,"_exactmetrics_sitenote_active":false,"_exactmetrics_sitenote_note":"","_exactmetrics_sitenote_category":0,"_uf_show_specific_survey":0,"_uf_disable_surveys":false,"ngg_post_thumbnail":0,"footnotes":""},"class_list":["post-538","page","type-page","status-publish","has-post-thumbnail","hentry"],"aioseo_notices":[],"yoast_head":"<!-- This site is optimized with the Yoast SEO plugin v27.3 - https:\/\/yoast.com\/product\/yoast-seo-wordpress\/ -->\n<title>Familie spejder 2025 - KFUM 4. Esbjerg Gruppe<\/title>\n<meta name=\"robots\" content=\"index, follow, max-snippet:-1, max-image-preview:large, max-video-preview:-1\" \/>\n<link rel=\"canonical\" href=\"http:\/\/www.4esbjerg.dk\/WP\/familie-spejder\/\" \/>\n<meta property=\"og:locale\" content=\"en_US\" \/>\n<meta property=\"og:type\" content=\"article\" \/>\n<meta property=\"og:title\" content=\"Familie spejder 2025 - KFUM 4. Esbjerg Gruppe\" \/>\n<meta property=\"og:description\" content=\"Familiespejder troppen starter igen efter sommerferien 2025. F\u00f8rste gang er 31. August 2025. Hvis du er interesseret i familiespejder, s\u00e5 kontakt os via email p\u00e5 info@4esbjerg.dk. Familispejder er for b\u00f8rn med for\u00e6ldre fra 3 \u00e5r og til og med 0. klasse. Herunder kan i se hvad vi tidligere har lavet til familiespejder: Familie spejder er...\" \/>\n<meta property=\"og:url\" content=\"http:\/\/www.4esbjerg.dk\/WP\/familie-spejder\/\" \/>\n<meta property=\"og:site_name\" content=\"KFUM 4. Esbjerg Gruppe\" \/>\n<meta property=\"article:publisher\" content=\"http:\/\/www.facebook.com\/4esbjerg\/\" \/>\n<meta property=\"article:modified_time\" content=\"2025-06-21T14:38:40+00:00\" \/>\n<meta property=\"og:image\" content=\"https:\/\/i0.wp.com\/www.4esbjerg.dk\/WP\/wp-content\/uploads\/2021\/08\/familiespejder.jpg?fit=1160%2C416\" \/>\n\t<meta property=\"og:image:width\" content=\"1160\" \/>\n\t<meta property=\"og:image:height\" content=\"416\" \/>\n\t<meta property=\"og:image:type\" content=\"image\/jpeg\" \/>\n<meta name=\"twitter:card\" content=\"summary_large_image\" \/>\n<meta name=\"twitter:label1\" content=\"Est. reading time\" \/>\n\t<meta name=\"twitter:data1\" content=\"2 minutes\" \/>\n<script type=\"application\/ld+json\" class=\"yoast-schema-graph\">{\"@context\":\"https:\\\/\\\/schema.org\",\"@graph\":[{\"@type\":\"WebPage\",\"@id\":\"http:\\\/\\\/www.4esbjerg.dk\\\/WP\\\/familie-spejder\\\/\",\"url\":\"http:\\\/\\\/www.4esbjerg.dk\\\/WP\\\/familie-spejder\\\/\",\"name\":\"Familie spejder 2025 - KFUM 4. Esbjerg Gruppe\",\"isPartOf\":{\"@id\":\"http:\\\/\\\/www.4esbjerg.dk\\\/WP\\\/#website\"},\"primaryImageOfPage\":{\"@id\":\"http:\\\/\\\/www.4esbjerg.dk\\\/WP\\\/familie-spejder\\\/#primaryimage\"},\"image\":{\"@id\":\"http:\\\/\\\/www.4esbjerg.dk\\\/WP\\\/familie-spejder\\\/#primaryimage\"},\"thumbnailUrl\":\"https:\\\/\\\/i0.wp.com\\\/www.4esbjerg.dk\\\/WP\\\/wp-content\\\/uploads\\\/2021\\\/08\\\/familiespejder.jpg?fit=1160%2C416\",\"datePublished\":\"2021-08-26T08:23:16+00:00\",\"dateModified\":\"2025-06-21T14:38:40+00:00\",\"breadcrumb\":{\"@id\":\"http:\\\/\\\/www.4esbjerg.dk\\\/WP\\\/familie-spejder\\\/#breadcrumb\"},\"inLanguage\":\"en-US\",\"potentialAction\":[{\"@type\":\"ReadAction\",\"target\":[\"http:\\\/\\\/www.4esbjerg.dk\\\/WP\\\/familie-spejder\\\/\"]}]},{\"@type\":\"ImageObject\",\"inLanguage\":\"en-US\",\"@id\":\"http:\\\/\\\/www.4esbjerg.dk\\\/WP\\\/familie-spejder\\\/#primaryimage\",\"url\":\"https:\\\/\\\/i0.wp.com\\\/www.4esbjerg.dk\\\/WP\\\/wp-content\\\/uploads\\\/2021\\\/08\\\/familiespejder.jpg?fit=1160%2C416\",\"contentUrl\":\"https:\\\/\\\/i0.wp.com\\\/www.4esbjerg.dk\\\/WP\\\/wp-content\\\/uploads\\\/2021\\\/08\\\/familiespejder.jpg?fit=1160%2C416\",\"width\":1160,\"height\":416},{\"@type\":\"BreadcrumbList\",\"@id\":\"http:\\\/\\\/www.4esbjerg.dk\\\/WP\\\/familie-spejder\\\/#breadcrumb\",\"itemListElement\":[{\"@type\":\"ListItem\",\"position\":1,\"name\":\"Home\",\"item\":\"http:\\\/\\\/www.4esbjerg.dk\\\/WP\\\/\"},{\"@type\":\"ListItem\",\"position\":2,\"name\":\"Familie spejder 2025\"}]},{\"@type\":\"WebSite\",\"@id\":\"http:\\\/\\\/www.4esbjerg.dk\\\/WP\\\/#website\",\"url\":\"http:\\\/\\\/www.4esbjerg.dk\\\/WP\\\/\",\"name\":\"KFUM 4. Esbjerg Gruppe\",\"description\":\"Er du til Spejderlivet eller klatring, s\u00e5 er du havnet det rigtige sted\",\"publisher\":{\"@id\":\"http:\\\/\\\/www.4esbjerg.dk\\\/WP\\\/#organization\"},\"potentialAction\":[{\"@type\":\"SearchAction\",\"target\":{\"@type\":\"EntryPoint\",\"urlTemplate\":\"http:\\\/\\\/www.4esbjerg.dk\\\/WP\\\/?s={search_term_string}\"},\"query-input\":{\"@type\":\"PropertyValueSpecification\",\"valueRequired\":true,\"valueName\":\"search_term_string\"}}],\"inLanguage\":\"en-US\"},{\"@type\":\"Organization\",\"@id\":\"http:\\\/\\\/www.4esbjerg.dk\\\/WP\\\/#organization\",\"name\":\"KFUM 4. Esbjerg Gruppe\",\"url\":\"http:\\\/\\\/www.4esbjerg.dk\\\/WP\\\/\",\"logo\":{\"@type\":\"ImageObject\",\"inLanguage\":\"en-US\",\"@id\":\"http:\\\/\\\/www.4esbjerg.dk\\\/WP\\\/#\\\/schema\\\/logo\\\/image\\\/\",\"url\":\"https:\\\/\\\/i0.wp.com\\\/www.4esbjerg.dk\\\/WP\\\/wp-content\\\/uploads\\\/2019\\\/05\\\/KFUM-Spejderne_farver_firkantet-redigeret.png?fit=867%2C867\",\"contentUrl\":\"https:\\\/\\\/i0.wp.com\\\/www.4esbjerg.dk\\\/WP\\\/wp-content\\\/uploads\\\/2019\\\/05\\\/KFUM-Spejderne_farver_firkantet-redigeret.png?fit=867%2C867\",\"width\":867,\"height\":867,\"caption\":\"KFUM 4. Esbjerg Gruppe\"},\"image\":{\"@id\":\"http:\\\/\\\/www.4esbjerg.dk\\\/WP\\\/#\\\/schema\\\/logo\\\/image\\\/\"},\"sameAs\":[\"http:\\\/\\\/www.facebook.com\\\/4esbjerg\\\/\"]}]}<\/script>\n<!-- \/ Yoast SEO plugin. -->","yoast_head_json":{"title":"Familie spejder 2025 - KFUM 4. Esbjerg Gruppe","robots":{"index":"index","follow":"follow","max-snippet":"max-snippet:-1","max-image-preview":"max-image-preview:large","max-video-preview":"max-video-preview:-1"},"canonical":"http:\/\/www.4esbjerg.dk\/WP\/familie-spejder\/","og_locale":"en_US","og_type":"article","og_title":"Familie spejder 2025 - KFUM 4. Esbjerg Gruppe","og_description":"Familiespejder troppen starter igen efter sommerferien 2025. F\u00f8rste gang er 31. August 2025. Hvis du er interesseret i familiespejder, s\u00e5 kontakt os via email p\u00e5 info@4esbjerg.dk. Familispejder er for b\u00f8rn med for\u00e6ldre fra 3 \u00e5r og til og med 0. klasse. Herunder kan i se hvad vi tidligere har lavet til familiespejder: Familie spejder er...","og_url":"http:\/\/www.4esbjerg.dk\/WP\/familie-spejder\/","og_site_name":"KFUM 4. Esbjerg Gruppe","article_publisher":"http:\/\/www.facebook.com\/4esbjerg\/","article_modified_time":"2025-06-21T14:38:40+00:00","og_image":[{"width":1160,"height":416,"url":"https:\/\/i0.wp.com\/www.4esbjerg.dk\/WP\/wp-content\/uploads\/2021\/08\/familiespejder.jpg?fit=1160%2C416","type":"image\/jpeg"}],"twitter_card":"summary_large_image","twitter_misc":{"Est. reading time":"2 minutes"},"schema":{"@context":"https:\/\/schema.org","@graph":[{"@type":"WebPage","@id":"http:\/\/www.4esbjerg.dk\/WP\/familie-spejder\/","url":"http:\/\/www.4esbjerg.dk\/WP\/familie-spejder\/","name":"Familie spejder 2025 - KFUM 4. Esbjerg Gruppe","isPartOf":{"@id":"http:\/\/www.4esbjerg.dk\/WP\/#website"},"primaryImageOfPage":{"@id":"http:\/\/www.4esbjerg.dk\/WP\/familie-spejder\/#primaryimage"},"image":{"@id":"http:\/\/www.4esbjerg.dk\/WP\/familie-spejder\/#primaryimage"},"thumbnailUrl":"https:\/\/i0.wp.com\/www.4esbjerg.dk\/WP\/wp-content\/uploads\/2021\/08\/familiespejder.jpg?fit=1160%2C416","datePublished":"2021-08-26T08:23:16+00:00","dateModified":"2025-06-21T14:38:40+00:00","breadcrumb":{"@id":"http:\/\/www.4esbjerg.dk\/WP\/familie-spejder\/#breadcrumb"},"inLanguage":"en-US","potentialAction":[{"@type":"ReadAction","target":["http:\/\/www.4esbjerg.dk\/WP\/familie-spejder\/"]}]},{"@type":"ImageObject","inLanguage":"en-US","@id":"http:\/\/www.4esbjerg.dk\/WP\/familie-spejder\/#primaryimage","url":"https:\/\/i0.wp.com\/www.4esbjerg.dk\/WP\/wp-content\/uploads\/2021\/08\/familiespejder.jpg?fit=1160%2C416","contentUrl":"https:\/\/i0.wp.com\/www.4esbjerg.dk\/WP\/wp-content\/uploads\/2021\/08\/familiespejder.jpg?fit=1160%2C416","width":1160,"height":416},{"@type":"BreadcrumbList","@id":"http:\/\/www.4esbjerg.dk\/WP\/familie-spejder\/#breadcrumb","itemListElement":[{"@type":"ListItem","position":1,"name":"Home","item":"http:\/\/www.4esbjerg.dk\/WP\/"},{"@type":"ListItem","position":2,"name":"Familie spejder 2025"}]},{"@type":"WebSite","@id":"http:\/\/www.4esbjerg.dk\/WP\/#website","url":"http:\/\/www.4esbjerg.dk\/WP\/","name":"KFUM 4. Esbjerg Gruppe","description":"Er du til Spejderlivet eller klatring, s\u00e5 er du havnet det rigtige sted","publisher":{"@id":"http:\/\/www.4esbjerg.dk\/WP\/#organization"},"potentialAction":[{"@type":"SearchAction","target":{"@type":"EntryPoint","urlTemplate":"http:\/\/www.4esbjerg.dk\/WP\/?s={search_term_string}"},"query-input":{"@type":"PropertyValueSpecification","valueRequired":true,"valueName":"search_term_string"}}],"inLanguage":"en-US"},{"@type":"Organization","@id":"http:\/\/www.4esbjerg.dk\/WP\/#organization","name":"KFUM 4. Esbjerg Gruppe","url":"http:\/\/www.4esbjerg.dk\/WP\/","logo":{"@type":"ImageObject","inLanguage":"en-US","@id":"http:\/\/www.4esbjerg.dk\/WP\/#\/schema\/logo\/image\/","url":"https:\/\/i0.wp.com\/www.4esbjerg.dk\/WP\/wp-content\/uploads\/2019\/05\/KFUM-Spejderne_farver_firkantet-redigeret.png?fit=867%2C867","contentUrl":"https:\/\/i0.wp.com\/www.4esbjerg.dk\/WP\/wp-content\/uploads\/2019\/05\/KFUM-Spejderne_farver_firkantet-redigeret.png?fit=867%2C867","width":867,"height":867,"caption":"KFUM 4. Esbjerg Gruppe"},"image":{"@id":"http:\/\/www.4esbjerg.dk\/WP\/#\/schema\/logo\/image\/"},"sameAs":["http:\/\/www.facebook.com\/4esbjerg\/"]}]}},"jetpack_sharing_enabled":true,"_links":{"self":[{"href":"http:\/\/www.4esbjerg.dk\/WP\/wp-json\/wp\/v2\/pages\/538","targetHints":{"allow":["GET"]}}],"collection":[{"href":"http:\/\/www.4esbjerg.dk\/WP\/wp-json\/wp\/v2\/pages"}],"about":[{"href":"http:\/\/www.4esbjerg.dk\/WP\/wp-json\/wp\/v2\/types\/page"}],"author":[{"embeddable":true,"href":"http:\/\/www.4esbjerg.dk\/WP\/wp-json\/wp\/v2\/users\/1"}],"replies":[{"embeddable":true,"href":"http:\/\/www.4esbjerg.dk\/WP\/wp-json\/wp\/v2\/comments?post=538"}],"version-history":[{"count":17,"href":"http:\/\/www.4esbjerg.dk\/WP\/wp-json\/wp\/v2\/pages\/538\/revisions"}],"predecessor-version":[{"id":1020,"href":"http:\/\/www.4esbjerg.dk\/WP\/wp-json\/wp\/v2\/pages\/538\/revisions\/1020"}],"wp:featuredmedia":[{"embeddable":true,"href":"http:\/\/www.4esbjerg.dk\/WP\/wp-json\/wp\/v2\/media\/542"}],"wp:attachment":[{"href":"http:\/\/www.4esbjerg.dk\/WP\/wp-json\/wp\/v2\/media?parent=538"}],"curies":[{"name":"wp","href":"https:\/\/api.w.org\/{rel}","templated":true}]}}