{"id":822,"date":"2024-04-08T19:29:59","date_gmt":"2024-04-08T18:29:59","guid":{"rendered":"http:\/\/www.4esbjerg.dk\/WP\/?page_id=822"},"modified":"2026-03-05T21:31:59","modified_gmt":"2026-03-05T20:31:59","slug":"rovere","status":"publish","type":"page","link":"http:\/\/www.4esbjerg.dk\/WP\/rovere\/","title":{"rendered":"Rovere"},"content":{"rendered":"\n<p>Vi m\u00f8des Torsdage kl 19.30-21.30 p\u00e5 Sl\u00e5envej 7 hver 3. Torsdag.<\/p>\n\n\n\n<h2 class=\"wp-block-heading\">Hvad laver Rovere<\/h2>\n\n\n\n<p>Rovere er for personer fyldt 17 \u00e5r.<br>De laver selv aktiviteter, og skal selv planl\u00e6gge deres turer.<\/p>\n\n\n\n<h2 class=\"wp-block-heading\">Aktivitetsplan 2026<\/h2>\n\n\n\n<figure class=\"wp-block-table\"><table><thead><tr><th>Dato<\/th><th>Aktivitet<\/th><\/tr><\/thead><tbody><tr><td>26\/3<\/td><td>Madlavning og f\u00e6llesspisning. Vi m\u00f8des kl 17.30<\/td><\/tr><tr><td>16\/4<\/td><td>Lav din egen snaps<\/td><\/tr><tr><td>7\/5<\/td><td>3-retters menu p\u00e5 Trangia<\/td><\/tr><tr><td>28\/5<\/td><td>Forberedelse til Sankthans (bl.a. ops\u00e6tning af bannere)<\/td><\/tr><tr><td>18\/6<\/td><td>Sankthans forberedelse<\/td><\/tr><tr><td>23\/6<\/td><td>Sankhans<\/td><\/tr><tr><td>Dato kommer<\/td><td>Sv\u00e6veflyvning og sommeafslutning + f\u00e6llesspisning<\/td><\/tr><tr><td>20\/8<\/td><td>Mad p\u00e5 b\u00e5l<\/td><\/tr><tr><td>10\/9<\/td><td>Reb, knob og klatring<\/td><\/tr><tr><td>1\/10<\/td><td>Kompas i N\u00f8rreskoven<\/td><\/tr><tr><td>22\/10<\/td><td>50 kroners challenge<\/td><\/tr><tr><td>7+8\/11<\/td><td>And-i-Alslev<\/td><\/tr><tr><td>12\/11<\/td><td>Nattevandring i Marb\u00e6k<\/td><\/tr><tr><td>21\/11<\/td><td>Koncert med S\u00f8m\u00e6ndene + f\u00e6llesspisning<\/td><\/tr><tr><td>15\/11<\/td><td>Ops\u00e6tning af juletr\u00e6splads<\/td><\/tr><tr><td>28\/11<\/td><td>Afhentning af Juletr\u00e6er<\/td><\/tr><\/tbody><\/table><\/figure>\n\n\n\n<p><\/p>\n","protected":false},"excerpt":{"rendered":"<p>Vi m\u00f8des Torsdage kl 19.30-21.30 p\u00e5 Sl\u00e5envej 7 hver 3. Torsdag. Hvad laver Rovere Rovere er for personer fyldt 17 \u00e5r.De laver selv aktiviteter, og skal selv planl\u00e6gge deres turer. Aktivitetsplan 2026 Dato Aktivitet 26\/3 Madlavning og f\u00e6llesspisning. Vi m\u00f8des kl 17.30 16\/4 Lav din egen snaps 7\/5 3-retters menu p\u00e5 Trangia 28\/5 Forberedelse til&#8230;<\/p>\n","protected":false},"author":18,"featured_media":0,"parent":0,"menu_order":0,"comment_status":"closed","ping_status":"closed","template":"","meta":{"_exactmetrics_skip_tracking":false,"_exactmetrics_sitenote_active":false,"_exactmetrics_sitenote_note":"","_exactmetrics_sitenote_category":0,"_uf_show_specific_survey":0,"_uf_disable_surveys":false,"ngg_post_thumbnail":0,"footnotes":""},"class_list":["post-822","page","type-page","status-publish","hentry"],"aioseo_notices":[],"yoast_head":"<!-- This site is optimized with the Yoast SEO plugin v27.3 - https:\/\/yoast.com\/product\/yoast-seo-wordpress\/ -->\n<title>Rovere - KFUM 4. Esbjerg Gruppe<\/title>\n<meta name=\"robots\" content=\"index, follow, max-snippet:-1, max-image-preview:large, max-video-preview:-1\" \/>\n<link rel=\"canonical\" href=\"http:\/\/www.4esbjerg.dk\/WP\/rovere\/\" \/>\n<meta property=\"og:locale\" content=\"en_US\" \/>\n<meta property=\"og:type\" content=\"article\" \/>\n<meta property=\"og:title\" content=\"Rovere - KFUM 4. Esbjerg Gruppe\" \/>\n<meta property=\"og:description\" content=\"Vi m\u00f8des Torsdage kl 19.30-21.30 p\u00e5 Sl\u00e5envej 7 hver 3. Torsdag. Hvad laver Rovere Rovere er for personer fyldt 17 \u00e5r.De laver selv aktiviteter, og skal selv planl\u00e6gge deres turer. Aktivitetsplan 2026 Dato Aktivitet 26\/3 Madlavning og f\u00e6llesspisning. Vi m\u00f8des kl 17.30 16\/4 Lav din egen snaps 7\/5 3-retters menu p\u00e5 Trangia 28\/5 Forberedelse til...\" \/>\n<meta property=\"og:url\" content=\"http:\/\/www.4esbjerg.dk\/WP\/rovere\/\" \/>\n<meta property=\"og:site_name\" content=\"KFUM 4. Esbjerg Gruppe\" \/>\n<meta property=\"article:publisher\" content=\"http:\/\/www.facebook.com\/4esbjerg\/\" \/>\n<meta property=\"article:modified_time\" content=\"2026-03-05T20:31:59+00:00\" \/>\n<meta name=\"twitter:card\" content=\"summary_large_image\" \/>\n<meta name=\"twitter:label1\" content=\"Est. reading time\" \/>\n\t<meta name=\"twitter:data1\" content=\"1 minute\" \/>\n<script type=\"application\/ld+json\" class=\"yoast-schema-graph\">{\"@context\":\"https:\\\/\\\/schema.org\",\"@graph\":[{\"@type\":\"WebPage\",\"@id\":\"http:\\\/\\\/www.4esbjerg.dk\\\/WP\\\/rovere\\\/\",\"url\":\"http:\\\/\\\/www.4esbjerg.dk\\\/WP\\\/rovere\\\/\",\"name\":\"Rovere - KFUM 4. Esbjerg Gruppe\",\"isPartOf\":{\"@id\":\"http:\\\/\\\/www.4esbjerg.dk\\\/WP\\\/#website\"},\"datePublished\":\"2024-04-08T18:29:59+00:00\",\"dateModified\":\"2026-03-05T20:31:59+00:00\",\"breadcrumb\":{\"@id\":\"http:\\\/\\\/www.4esbjerg.dk\\\/WP\\\/rovere\\\/#breadcrumb\"},\"inLanguage\":\"en-US\",\"potentialAction\":[{\"@type\":\"ReadAction\",\"target\":[\"http:\\\/\\\/www.4esbjerg.dk\\\/WP\\\/rovere\\\/\"]}]},{\"@type\":\"BreadcrumbList\",\"@id\":\"http:\\\/\\\/www.4esbjerg.dk\\\/WP\\\/rovere\\\/#breadcrumb\",\"itemListElement\":[{\"@type\":\"ListItem\",\"position\":1,\"name\":\"Home\",\"item\":\"http:\\\/\\\/www.4esbjerg.dk\\\/WP\\\/\"},{\"@type\":\"ListItem\",\"position\":2,\"name\":\"Rovere\"}]},{\"@type\":\"WebSite\",\"@id\":\"http:\\\/\\\/www.4esbjerg.dk\\\/WP\\\/#website\",\"url\":\"http:\\\/\\\/www.4esbjerg.dk\\\/WP\\\/\",\"name\":\"KFUM 4. Esbjerg Gruppe\",\"description\":\"Er du til Spejderlivet eller klatring, s\u00e5 er du havnet det rigtige sted\",\"publisher\":{\"@id\":\"http:\\\/\\\/www.4esbjerg.dk\\\/WP\\\/#organization\"},\"potentialAction\":[{\"@type\":\"SearchAction\",\"target\":{\"@type\":\"EntryPoint\",\"urlTemplate\":\"http:\\\/\\\/www.4esbjerg.dk\\\/WP\\\/?s={search_term_string}\"},\"query-input\":{\"@type\":\"PropertyValueSpecification\",\"valueRequired\":true,\"valueName\":\"search_term_string\"}}],\"inLanguage\":\"en-US\"},{\"@type\":\"Organization\",\"@id\":\"http:\\\/\\\/www.4esbjerg.dk\\\/WP\\\/#organization\",\"name\":\"KFUM 4. Esbjerg Gruppe\",\"url\":\"http:\\\/\\\/www.4esbjerg.dk\\\/WP\\\/\",\"logo\":{\"@type\":\"ImageObject\",\"inLanguage\":\"en-US\",\"@id\":\"http:\\\/\\\/www.4esbjerg.dk\\\/WP\\\/#\\\/schema\\\/logo\\\/image\\\/\",\"url\":\"https:\\\/\\\/i0.wp.com\\\/www.4esbjerg.dk\\\/WP\\\/wp-content\\\/uploads\\\/2019\\\/05\\\/KFUM-Spejderne_farver_firkantet-redigeret.png?fit=867%2C867\",\"contentUrl\":\"https:\\\/\\\/i0.wp.com\\\/www.4esbjerg.dk\\\/WP\\\/wp-content\\\/uploads\\\/2019\\\/05\\\/KFUM-Spejderne_farver_firkantet-redigeret.png?fit=867%2C867\",\"width\":867,\"height\":867,\"caption\":\"KFUM 4. Esbjerg Gruppe\"},\"image\":{\"@id\":\"http:\\\/\\\/www.4esbjerg.dk\\\/WP\\\/#\\\/schema\\\/logo\\\/image\\\/\"},\"sameAs\":[\"http:\\\/\\\/www.facebook.com\\\/4esbjerg\\\/\"]}]}<\/script>\n<!-- \/ Yoast SEO plugin. -->","yoast_head_json":{"title":"Rovere - KFUM 4. Esbjerg Gruppe","robots":{"index":"index","follow":"follow","max-snippet":"max-snippet:-1","max-image-preview":"max-image-preview:large","max-video-preview":"max-video-preview:-1"},"canonical":"http:\/\/www.4esbjerg.dk\/WP\/rovere\/","og_locale":"en_US","og_type":"article","og_title":"Rovere - KFUM 4. Esbjerg Gruppe","og_description":"Vi m\u00f8des Torsdage kl 19.30-21.30 p\u00e5 Sl\u00e5envej 7 hver 3. Torsdag. Hvad laver Rovere Rovere er for personer fyldt 17 \u00e5r.De laver selv aktiviteter, og skal selv planl\u00e6gge deres turer. Aktivitetsplan 2026 Dato Aktivitet 26\/3 Madlavning og f\u00e6llesspisning. Vi m\u00f8des kl 17.30 16\/4 Lav din egen snaps 7\/5 3-retters menu p\u00e5 Trangia 28\/5 Forberedelse til...","og_url":"http:\/\/www.4esbjerg.dk\/WP\/rovere\/","og_site_name":"KFUM 4. Esbjerg Gruppe","article_publisher":"http:\/\/www.facebook.com\/4esbjerg\/","article_modified_time":"2026-03-05T20:31:59+00:00","twitter_card":"summary_large_image","twitter_misc":{"Est. reading time":"1 minute"},"schema":{"@context":"https:\/\/schema.org","@graph":[{"@type":"WebPage","@id":"http:\/\/www.4esbjerg.dk\/WP\/rovere\/","url":"http:\/\/www.4esbjerg.dk\/WP\/rovere\/","name":"Rovere - KFUM 4. Esbjerg Gruppe","isPartOf":{"@id":"http:\/\/www.4esbjerg.dk\/WP\/#website"},"datePublished":"2024-04-08T18:29:59+00:00","dateModified":"2026-03-05T20:31:59+00:00","breadcrumb":{"@id":"http:\/\/www.4esbjerg.dk\/WP\/rovere\/#breadcrumb"},"inLanguage":"en-US","potentialAction":[{"@type":"ReadAction","target":["http:\/\/www.4esbjerg.dk\/WP\/rovere\/"]}]},{"@type":"BreadcrumbList","@id":"http:\/\/www.4esbjerg.dk\/WP\/rovere\/#breadcrumb","itemListElement":[{"@type":"ListItem","position":1,"name":"Home","item":"http:\/\/www.4esbjerg.dk\/WP\/"},{"@type":"ListItem","position":2,"name":"Rovere"}]},{"@type":"WebSite","@id":"http:\/\/www.4esbjerg.dk\/WP\/#website","url":"http:\/\/www.4esbjerg.dk\/WP\/","name":"KFUM 4. Esbjerg Gruppe","description":"Er du til Spejderlivet eller klatring, s\u00e5 er du havnet det rigtige sted","publisher":{"@id":"http:\/\/www.4esbjerg.dk\/WP\/#organization"},"potentialAction":[{"@type":"SearchAction","target":{"@type":"EntryPoint","urlTemplate":"http:\/\/www.4esbjerg.dk\/WP\/?s={search_term_string}"},"query-input":{"@type":"PropertyValueSpecification","valueRequired":true,"valueName":"search_term_string"}}],"inLanguage":"en-US"},{"@type":"Organization","@id":"http:\/\/www.4esbjerg.dk\/WP\/#organization","name":"KFUM 4. Esbjerg Gruppe","url":"http:\/\/www.4esbjerg.dk\/WP\/","logo":{"@type":"ImageObject","inLanguage":"en-US","@id":"http:\/\/www.4esbjerg.dk\/WP\/#\/schema\/logo\/image\/","url":"https:\/\/i0.wp.com\/www.4esbjerg.dk\/WP\/wp-content\/uploads\/2019\/05\/KFUM-Spejderne_farver_firkantet-redigeret.png?fit=867%2C867","contentUrl":"https:\/\/i0.wp.com\/www.4esbjerg.dk\/WP\/wp-content\/uploads\/2019\/05\/KFUM-Spejderne_farver_firkantet-redigeret.png?fit=867%2C867","width":867,"height":867,"caption":"KFUM 4. Esbjerg Gruppe"},"image":{"@id":"http:\/\/www.4esbjerg.dk\/WP\/#\/schema\/logo\/image\/"},"sameAs":["http:\/\/www.facebook.com\/4esbjerg\/"]}]}},"jetpack_sharing_enabled":true,"_links":{"self":[{"href":"http:\/\/www.4esbjerg.dk\/WP\/wp-json\/wp\/v2\/pages\/822","targetHints":{"allow":["GET"]}}],"collection":[{"href":"http:\/\/www.4esbjerg.dk\/WP\/wp-json\/wp\/v2\/pages"}],"about":[{"href":"http:\/\/www.4esbjerg.dk\/WP\/wp-json\/wp\/v2\/types\/page"}],"author":[{"embeddable":true,"href":"http:\/\/www.4esbjerg.dk\/WP\/wp-json\/wp\/v2\/users\/18"}],"replies":[{"embeddable":true,"href":"http:\/\/www.4esbjerg.dk\/WP\/wp-json\/wp\/v2\/comments?post=822"}],"version-history":[{"count":5,"href":"http:\/\/www.4esbjerg.dk\/WP\/wp-json\/wp\/v2\/pages\/822\/revisions"}],"predecessor-version":[{"id":1048,"href":"http:\/\/www.4esbjerg.dk\/WP\/wp-json\/wp\/v2\/pages\/822\/revisions\/1048"}],"wp:attachment":[{"href":"http:\/\/www.4esbjerg.dk\/WP\/wp-json\/wp\/v2\/media?parent=822"}],"curies":[{"name":"wp","href":"https:\/\/api.w.org\/{rel}","templated":true}]}}