{"id":831,"date":"2024-04-08T19:44:12","date_gmt":"2024-04-08T18:44:12","guid":{"rendered":"http:\/\/www.4esbjerg.dk\/WP\/?page_id=831"},"modified":"2024-04-11T09:12:25","modified_gmt":"2024-04-11T08:12:25","slug":"placering-af-maerker","status":"publish","type":"page","link":"http:\/\/www.4esbjerg.dk\/WP\/placering-af-maerker\/","title":{"rendered":"Placering af m\u00e6rker"},"content":{"rendered":"\n<p>Hvordan skal m\u00e6rkerne sidde p\u00e5 uniformer? P\u00e5 denne siden kan du finde information om hvor m\u00e6rkerne skal side.<\/p>\n\n\n\n<figure class=\"wp-block-image size-large\"><img data-recalc-dims=\"1\" fetchpriority=\"high\" decoding=\"async\" width=\"640\" height=\"447\" src=\"https:\/\/i0.wp.com\/www.4esbjerg.dk\/WP\/wp-content\/uploads\/2024\/04\/Skaermbillede-2024-04-11-kl.-10.10.09.png?resize=640%2C447\" alt=\"\" class=\"wp-image-921\" srcset=\"https:\/\/i0.wp.com\/www.4esbjerg.dk\/WP\/wp-content\/uploads\/2024\/04\/Skaermbillede-2024-04-11-kl.-10.10.09.png?resize=1024%2C715 1024w, https:\/\/i0.wp.com\/www.4esbjerg.dk\/WP\/wp-content\/uploads\/2024\/04\/Skaermbillede-2024-04-11-kl.-10.10.09.png?resize=300%2C209 300w, https:\/\/i0.wp.com\/www.4esbjerg.dk\/WP\/wp-content\/uploads\/2024\/04\/Skaermbillede-2024-04-11-kl.-10.10.09.png?resize=768%2C536 768w, https:\/\/i0.wp.com\/www.4esbjerg.dk\/WP\/wp-content\/uploads\/2024\/04\/Skaermbillede-2024-04-11-kl.-10.10.09.png?resize=1536%2C1073 1536w, https:\/\/i0.wp.com\/www.4esbjerg.dk\/WP\/wp-content\/uploads\/2024\/04\/Skaermbillede-2024-04-11-kl.-10.10.09.png?resize=2048%2C1430 2048w, https:\/\/i0.wp.com\/www.4esbjerg.dk\/WP\/wp-content\/uploads\/2024\/04\/Skaermbillede-2024-04-11-kl.-10.10.09.png?resize=850%2C594 850w, https:\/\/i0.wp.com\/www.4esbjerg.dk\/WP\/wp-content\/uploads\/2024\/04\/Skaermbillede-2024-04-11-kl.-10.10.09.png?w=1280 1280w, https:\/\/i0.wp.com\/www.4esbjerg.dk\/WP\/wp-content\/uploads\/2024\/04\/Skaermbillede-2024-04-11-kl.-10.10.09.png?w=1920 1920w\" sizes=\"(max-width: 640px) 100vw, 640px\" \/><\/figure>\n\n\n\n<p>Se alle m\u00e6rkerne p\u00e5 <a href=\"https:\/\/kfumspejderne.dk\/maerker\/\">KFUM spejderne<\/a>. <\/p>\n\n\n\n<p><strong>Placering af m\u00e6rker<br><\/strong>Som ny spejder kan det v\u00e6re en k\u00e6mpe jungle n\u00e5r man skal s\u00e6tte m\u00e6rker p\u00e5 uniformen, derfor kan du herunder se en beskrivelse af de forskelligem\u00e6rkers placering.<br><strong><em>Verdensspejderm\u00e6rket<\/em><\/strong>&nbsp;sidder p\u00e5 uniformen ved k\u00f8b.<br>Sidder over venstre brystlomme. Det er et bevis p\u00e5 medlemskab af Verdensspejderbev\u00e6gelsen. Alle spejdere optaget i WOSM, The World Organization of the Scout Movement, har dette m\u00e6rke p\u00e5 deres uniform.<br><\/p>\n\n\n\n<p><em><strong>Korpsm\u00e6rket&nbsp;<\/strong><\/em>sidder p\u00e5 uniformen ved k\u00f8b.<br>Sidder over venstre brystlomme. Alle der er medlem af KFUM-Spejderne i Danmark har s\u00e5dan et m\u00e6rke p\u00e5 deres uniform.<br><\/p>\n\n\n\n<p><em><strong>Basism\u00e6rker<\/strong><\/em>&nbsp;placeres p\u00e5 h\u00f8jre \u00e6rme, \u00f8verst oppe ved stroppen. M\u00e6rket syes p\u00e5 med stilken til venstre. Basism\u00e6rket b\u00e6res en ad gangen, det vil sige, at man m\u00e5 g\u00e5 med et lavere rangeret m\u00e6rke, indtil man har taget det n\u00e6ste.<br><\/p>\n\n\n\n<p><em><strong>Specialm\u00e6rker<\/strong><\/em>&nbsp;placeres p\u00e5 h\u00f8jre \u00e6rme under Basism\u00e6rket. Brugen af og tidsrammen for, hvor l\u00e6nge spejderen b\u00e6rer specialm\u00e6rkerne.<\/p>\n\n\n\n<p><em><strong>Projekt\u00e5r- lejr- og eventm\u00e6rker placeres o<\/strong><\/em>ver h\u00f8jre brystlomme, ovenfor gruppenavnet. Lejrm\u00e6rker b\u00e6res indtil n\u00e6ste store arrangement. Dvs. at et sommerlejr m\u00e6rke m\u00e5 sidde p\u00e5 til n\u00e6ste sommerlejr, et korpslejr m\u00e6rke m\u00e5 sidde p\u00e5 til n\u00e6se korpslejr osv.<\/p>\n\n\n\n<p><em><strong>Distriktm\u00e6rket<\/strong><\/em>, fra Hafnia distrikt placeres \u00f8verst, midtfor p\u00e5 venstre \u00e6rme.<\/p>\n\n\n\n<p><strong><em>Enhedsm\u00e6rke<\/em><\/strong>&nbsp;placeres p\u00e5 h\u00f8jre \u00e6rmestrop.<\/p>\n\n\n\n<p><strong>Funktionstegn:<\/strong><br><em>Bandef\u00f8rere og patruljef\u00f8rere + assistenter:<\/em>&nbsp;Hvid(e) eller gul(e) stribe(r) lodret p\u00e5 venstre lomme.<br>Familie-, bande- &amp; patruljefarver placeres p\u00e5 h\u00f8jre\u00e6rmestrop under enhedsm\u00e6rket.<br><em>Gruppenavn<\/em>&nbsp;placeres over h\u00f8jre brystlomme.<br><em>Ulvenavn<\/em>&nbsp;placeres over gruppenavn (over h\u00f8jre brystlomme).<br><em>Ledere:<\/em>&nbsp;P\u00e5 h\u00f8jre brystlommeklap, til h\u00f8jre og p\u00e5 skr\u00e5.<\/p>\n\n\n\n<p><strong><em>Danmarksm\u00e6rke<\/em><\/strong>&nbsp;f\u00e5s n\u00e5r man har v\u00e6ret uden for Danmark i l\u00e6ngere tid, placeres p\u00e5 venstre \u00e6rmestrop.<\/p>\n\n\n\n<p><strong><em>\u00c5rsstjerne<\/em><\/strong>&nbsp;over h\u00f8jre brystlomme, til venstre for gruppenavnet.<\/p>\n\n\n\n<p><strong><em>Ungdomskursus m\u00e6rker<\/em><\/strong>&nbsp;placeres p\u00e5 h\u00f8jre \u00e6rme, under specialm\u00e6rkerne.<\/p>\n\n\n\n<p>Hvis du er i tvivl om placering af et m\u00e6rke kan du altid sp\u00f8rge din leder.<\/p>\n","protected":false},"excerpt":{"rendered":"<p>Hvordan skal m\u00e6rkerne sidde p\u00e5 uniformer? P\u00e5 denne siden kan du finde information om hvor m\u00e6rkerne skal side. Se alle m\u00e6rkerne p\u00e5 KFUM spejderne. Placering af m\u00e6rkerSom ny spejder kan det v\u00e6re en k\u00e6mpe jungle n\u00e5r man skal s\u00e6tte m\u00e6rker p\u00e5 uniformen, derfor kan du herunder se en beskrivelse af de forskelligem\u00e6rkers placering.Verdensspejderm\u00e6rket&nbsp;sidder p\u00e5 uniformen&#8230;<\/p>\n","protected":false},"author":18,"featured_media":0,"parent":0,"menu_order":0,"comment_status":"closed","ping_status":"closed","template":"","meta":{"_exactmetrics_skip_tracking":false,"_exactmetrics_sitenote_active":false,"_exactmetrics_sitenote_note":"","_exactmetrics_sitenote_category":0,"_uf_show_specific_survey":0,"_uf_disable_surveys":false,"ngg_post_thumbnail":0,"footnotes":""},"class_list":["post-831","page","type-page","status-publish","hentry"],"aioseo_notices":[],"yoast_head":"<!-- This site is optimized with the Yoast SEO plugin v27.3 - https:\/\/yoast.com\/product\/yoast-seo-wordpress\/ -->\n<title>Placering af m\u00e6rker - KFUM 4. Esbjerg Gruppe<\/title>\n<meta name=\"robots\" content=\"index, follow, max-snippet:-1, max-image-preview:large, max-video-preview:-1\" \/>\n<link rel=\"canonical\" href=\"http:\/\/www.4esbjerg.dk\/WP\/placering-af-maerker\/\" \/>\n<meta property=\"og:locale\" content=\"en_US\" \/>\n<meta property=\"og:type\" content=\"article\" \/>\n<meta property=\"og:title\" content=\"Placering af m\u00e6rker - KFUM 4. Esbjerg Gruppe\" \/>\n<meta property=\"og:description\" content=\"Hvordan skal m\u00e6rkerne sidde p\u00e5 uniformer? P\u00e5 denne siden kan du finde information om hvor m\u00e6rkerne skal side. Se alle m\u00e6rkerne p\u00e5 KFUM spejderne. Placering af m\u00e6rkerSom ny spejder kan det v\u00e6re en k\u00e6mpe jungle n\u00e5r man skal s\u00e6tte m\u00e6rker p\u00e5 uniformen, derfor kan du herunder se en beskrivelse af de forskelligem\u00e6rkers placering.Verdensspejderm\u00e6rket&nbsp;sidder p\u00e5 uniformen...\" \/>\n<meta property=\"og:url\" content=\"http:\/\/www.4esbjerg.dk\/WP\/placering-af-maerker\/\" \/>\n<meta property=\"og:site_name\" content=\"KFUM 4. Esbjerg Gruppe\" \/>\n<meta property=\"article:publisher\" content=\"http:\/\/www.facebook.com\/4esbjerg\/\" \/>\n<meta property=\"article:modified_time\" content=\"2024-04-11T08:12:25+00:00\" \/>\n<meta property=\"og:image\" content=\"http:\/\/www.4esbjerg.dk\/WP\/wp-content\/uploads\/2024\/04\/Skaermbillede-2024-04-11-kl.-10.10.09-1024x715.png\" \/>\n<meta name=\"twitter:card\" content=\"summary_large_image\" \/>\n<meta name=\"twitter:label1\" content=\"Est. reading time\" \/>\n\t<meta name=\"twitter:data1\" content=\"2 minutes\" \/>\n<script type=\"application\/ld+json\" class=\"yoast-schema-graph\">{\"@context\":\"https:\\\/\\\/schema.org\",\"@graph\":[{\"@type\":\"WebPage\",\"@id\":\"http:\\\/\\\/www.4esbjerg.dk\\\/WP\\\/placering-af-maerker\\\/\",\"url\":\"http:\\\/\\\/www.4esbjerg.dk\\\/WP\\\/placering-af-maerker\\\/\",\"name\":\"Placering af m\u00e6rker - KFUM 4. Esbjerg Gruppe\",\"isPartOf\":{\"@id\":\"http:\\\/\\\/www.4esbjerg.dk\\\/WP\\\/#website\"},\"primaryImageOfPage\":{\"@id\":\"http:\\\/\\\/www.4esbjerg.dk\\\/WP\\\/placering-af-maerker\\\/#primaryimage\"},\"image\":{\"@id\":\"http:\\\/\\\/www.4esbjerg.dk\\\/WP\\\/placering-af-maerker\\\/#primaryimage\"},\"thumbnailUrl\":\"http:\\\/\\\/www.4esbjerg.dk\\\/WP\\\/wp-content\\\/uploads\\\/2024\\\/04\\\/Skaermbillede-2024-04-11-kl.-10.10.09-1024x715.png\",\"datePublished\":\"2024-04-08T18:44:12+00:00\",\"dateModified\":\"2024-04-11T08:12:25+00:00\",\"breadcrumb\":{\"@id\":\"http:\\\/\\\/www.4esbjerg.dk\\\/WP\\\/placering-af-maerker\\\/#breadcrumb\"},\"inLanguage\":\"en-US\",\"potentialAction\":[{\"@type\":\"ReadAction\",\"target\":[\"http:\\\/\\\/www.4esbjerg.dk\\\/WP\\\/placering-af-maerker\\\/\"]}]},{\"@type\":\"ImageObject\",\"inLanguage\":\"en-US\",\"@id\":\"http:\\\/\\\/www.4esbjerg.dk\\\/WP\\\/placering-af-maerker\\\/#primaryimage\",\"url\":\"https:\\\/\\\/i0.wp.com\\\/www.4esbjerg.dk\\\/WP\\\/wp-content\\\/uploads\\\/2024\\\/04\\\/Skaermbillede-2024-04-11-kl.-10.10.09.png?fit=2108%2C1472\",\"contentUrl\":\"https:\\\/\\\/i0.wp.com\\\/www.4esbjerg.dk\\\/WP\\\/wp-content\\\/uploads\\\/2024\\\/04\\\/Skaermbillede-2024-04-11-kl.-10.10.09.png?fit=2108%2C1472\",\"width\":2108,\"height\":1472},{\"@type\":\"BreadcrumbList\",\"@id\":\"http:\\\/\\\/www.4esbjerg.dk\\\/WP\\\/placering-af-maerker\\\/#breadcrumb\",\"itemListElement\":[{\"@type\":\"ListItem\",\"position\":1,\"name\":\"Home\",\"item\":\"http:\\\/\\\/www.4esbjerg.dk\\\/WP\\\/\"},{\"@type\":\"ListItem\",\"position\":2,\"name\":\"Placering af m\u00e6rker\"}]},{\"@type\":\"WebSite\",\"@id\":\"http:\\\/\\\/www.4esbjerg.dk\\\/WP\\\/#website\",\"url\":\"http:\\\/\\\/www.4esbjerg.dk\\\/WP\\\/\",\"name\":\"KFUM 4. Esbjerg Gruppe\",\"description\":\"Er du til Spejderlivet eller klatring, s\u00e5 er du havnet det rigtige sted\",\"publisher\":{\"@id\":\"http:\\\/\\\/www.4esbjerg.dk\\\/WP\\\/#organization\"},\"potentialAction\":[{\"@type\":\"SearchAction\",\"target\":{\"@type\":\"EntryPoint\",\"urlTemplate\":\"http:\\\/\\\/www.4esbjerg.dk\\\/WP\\\/?s={search_term_string}\"},\"query-input\":{\"@type\":\"PropertyValueSpecification\",\"valueRequired\":true,\"valueName\":\"search_term_string\"}}],\"inLanguage\":\"en-US\"},{\"@type\":\"Organization\",\"@id\":\"http:\\\/\\\/www.4esbjerg.dk\\\/WP\\\/#organization\",\"name\":\"KFUM 4. Esbjerg Gruppe\",\"url\":\"http:\\\/\\\/www.4esbjerg.dk\\\/WP\\\/\",\"logo\":{\"@type\":\"ImageObject\",\"inLanguage\":\"en-US\",\"@id\":\"http:\\\/\\\/www.4esbjerg.dk\\\/WP\\\/#\\\/schema\\\/logo\\\/image\\\/\",\"url\":\"https:\\\/\\\/i0.wp.com\\\/www.4esbjerg.dk\\\/WP\\\/wp-content\\\/uploads\\\/2019\\\/05\\\/KFUM-Spejderne_farver_firkantet-redigeret.png?fit=867%2C867\",\"contentUrl\":\"https:\\\/\\\/i0.wp.com\\\/www.4esbjerg.dk\\\/WP\\\/wp-content\\\/uploads\\\/2019\\\/05\\\/KFUM-Spejderne_farver_firkantet-redigeret.png?fit=867%2C867\",\"width\":867,\"height\":867,\"caption\":\"KFUM 4. Esbjerg Gruppe\"},\"image\":{\"@id\":\"http:\\\/\\\/www.4esbjerg.dk\\\/WP\\\/#\\\/schema\\\/logo\\\/image\\\/\"},\"sameAs\":[\"http:\\\/\\\/www.facebook.com\\\/4esbjerg\\\/\"]}]}<\/script>\n<!-- \/ Yoast SEO plugin. -->","yoast_head_json":{"title":"Placering af m\u00e6rker - KFUM 4. Esbjerg Gruppe","robots":{"index":"index","follow":"follow","max-snippet":"max-snippet:-1","max-image-preview":"max-image-preview:large","max-video-preview":"max-video-preview:-1"},"canonical":"http:\/\/www.4esbjerg.dk\/WP\/placering-af-maerker\/","og_locale":"en_US","og_type":"article","og_title":"Placering af m\u00e6rker - KFUM 4. Esbjerg Gruppe","og_description":"Hvordan skal m\u00e6rkerne sidde p\u00e5 uniformer? P\u00e5 denne siden kan du finde information om hvor m\u00e6rkerne skal side. Se alle m\u00e6rkerne p\u00e5 KFUM spejderne. Placering af m\u00e6rkerSom ny spejder kan det v\u00e6re en k\u00e6mpe jungle n\u00e5r man skal s\u00e6tte m\u00e6rker p\u00e5 uniformen, derfor kan du herunder se en beskrivelse af de forskelligem\u00e6rkers placering.Verdensspejderm\u00e6rket&nbsp;sidder p\u00e5 uniformen...","og_url":"http:\/\/www.4esbjerg.dk\/WP\/placering-af-maerker\/","og_site_name":"KFUM 4. Esbjerg Gruppe","article_publisher":"http:\/\/www.facebook.com\/4esbjerg\/","article_modified_time":"2024-04-11T08:12:25+00:00","og_image":[{"url":"http:\/\/www.4esbjerg.dk\/WP\/wp-content\/uploads\/2024\/04\/Skaermbillede-2024-04-11-kl.-10.10.09-1024x715.png","type":"","width":"","height":""}],"twitter_card":"summary_large_image","twitter_misc":{"Est. reading time":"2 minutes"},"schema":{"@context":"https:\/\/schema.org","@graph":[{"@type":"WebPage","@id":"http:\/\/www.4esbjerg.dk\/WP\/placering-af-maerker\/","url":"http:\/\/www.4esbjerg.dk\/WP\/placering-af-maerker\/","name":"Placering af m\u00e6rker - KFUM 4. Esbjerg Gruppe","isPartOf":{"@id":"http:\/\/www.4esbjerg.dk\/WP\/#website"},"primaryImageOfPage":{"@id":"http:\/\/www.4esbjerg.dk\/WP\/placering-af-maerker\/#primaryimage"},"image":{"@id":"http:\/\/www.4esbjerg.dk\/WP\/placering-af-maerker\/#primaryimage"},"thumbnailUrl":"http:\/\/www.4esbjerg.dk\/WP\/wp-content\/uploads\/2024\/04\/Skaermbillede-2024-04-11-kl.-10.10.09-1024x715.png","datePublished":"2024-04-08T18:44:12+00:00","dateModified":"2024-04-11T08:12:25+00:00","breadcrumb":{"@id":"http:\/\/www.4esbjerg.dk\/WP\/placering-af-maerker\/#breadcrumb"},"inLanguage":"en-US","potentialAction":[{"@type":"ReadAction","target":["http:\/\/www.4esbjerg.dk\/WP\/placering-af-maerker\/"]}]},{"@type":"ImageObject","inLanguage":"en-US","@id":"http:\/\/www.4esbjerg.dk\/WP\/placering-af-maerker\/#primaryimage","url":"https:\/\/i0.wp.com\/www.4esbjerg.dk\/WP\/wp-content\/uploads\/2024\/04\/Skaermbillede-2024-04-11-kl.-10.10.09.png?fit=2108%2C1472","contentUrl":"https:\/\/i0.wp.com\/www.4esbjerg.dk\/WP\/wp-content\/uploads\/2024\/04\/Skaermbillede-2024-04-11-kl.-10.10.09.png?fit=2108%2C1472","width":2108,"height":1472},{"@type":"BreadcrumbList","@id":"http:\/\/www.4esbjerg.dk\/WP\/placering-af-maerker\/#breadcrumb","itemListElement":[{"@type":"ListItem","position":1,"name":"Home","item":"http:\/\/www.4esbjerg.dk\/WP\/"},{"@type":"ListItem","position":2,"name":"Placering af m\u00e6rker"}]},{"@type":"WebSite","@id":"http:\/\/www.4esbjerg.dk\/WP\/#website","url":"http:\/\/www.4esbjerg.dk\/WP\/","name":"KFUM 4. Esbjerg Gruppe","description":"Er du til Spejderlivet eller klatring, s\u00e5 er du havnet det rigtige sted","publisher":{"@id":"http:\/\/www.4esbjerg.dk\/WP\/#organization"},"potentialAction":[{"@type":"SearchAction","target":{"@type":"EntryPoint","urlTemplate":"http:\/\/www.4esbjerg.dk\/WP\/?s={search_term_string}"},"query-input":{"@type":"PropertyValueSpecification","valueRequired":true,"valueName":"search_term_string"}}],"inLanguage":"en-US"},{"@type":"Organization","@id":"http:\/\/www.4esbjerg.dk\/WP\/#organization","name":"KFUM 4. Esbjerg Gruppe","url":"http:\/\/www.4esbjerg.dk\/WP\/","logo":{"@type":"ImageObject","inLanguage":"en-US","@id":"http:\/\/www.4esbjerg.dk\/WP\/#\/schema\/logo\/image\/","url":"https:\/\/i0.wp.com\/www.4esbjerg.dk\/WP\/wp-content\/uploads\/2019\/05\/KFUM-Spejderne_farver_firkantet-redigeret.png?fit=867%2C867","contentUrl":"https:\/\/i0.wp.com\/www.4esbjerg.dk\/WP\/wp-content\/uploads\/2019\/05\/KFUM-Spejderne_farver_firkantet-redigeret.png?fit=867%2C867","width":867,"height":867,"caption":"KFUM 4. Esbjerg Gruppe"},"image":{"@id":"http:\/\/www.4esbjerg.dk\/WP\/#\/schema\/logo\/image\/"},"sameAs":["http:\/\/www.facebook.com\/4esbjerg\/"]}]}},"jetpack_sharing_enabled":true,"_links":{"self":[{"href":"http:\/\/www.4esbjerg.dk\/WP\/wp-json\/wp\/v2\/pages\/831","targetHints":{"allow":["GET"]}}],"collection":[{"href":"http:\/\/www.4esbjerg.dk\/WP\/wp-json\/wp\/v2\/pages"}],"about":[{"href":"http:\/\/www.4esbjerg.dk\/WP\/wp-json\/wp\/v2\/types\/page"}],"author":[{"embeddable":true,"href":"http:\/\/www.4esbjerg.dk\/WP\/wp-json\/wp\/v2\/users\/18"}],"replies":[{"embeddable":true,"href":"http:\/\/www.4esbjerg.dk\/WP\/wp-json\/wp\/v2\/comments?post=831"}],"version-history":[{"count":3,"href":"http:\/\/www.4esbjerg.dk\/WP\/wp-json\/wp\/v2\/pages\/831\/revisions"}],"predecessor-version":[{"id":922,"href":"http:\/\/www.4esbjerg.dk\/WP\/wp-json\/wp\/v2\/pages\/831\/revisions\/922"}],"wp:attachment":[{"href":"http:\/\/www.4esbjerg.dk\/WP\/wp-json\/wp\/v2\/media?parent=831"}],"curies":[{"name":"wp","href":"https:\/\/api.w.org\/{rel}","templated":true}]}}