{"id":927,"date":"2024-05-12T07:31:31","date_gmt":"2024-05-12T06:31:31","guid":{"rendered":"http:\/\/www.4esbjerg.dk\/WP\/?page_id=927"},"modified":"2024-05-28T21:50:26","modified_gmt":"2024-05-28T20:50:26","slug":"sankthans-2024","status":"publish","type":"page","link":"http:\/\/www.4esbjerg.dk\/WP\/sankthans-2024\/","title":{"rendered":"Sankthans 2024"},"content":{"rendered":"\n<figure class=\"wp-block-image size-large\"><img data-recalc-dims=\"1\" fetchpriority=\"high\" decoding=\"async\" width=\"640\" height=\"800\" src=\"https:\/\/i0.wp.com\/www.4esbjerg.dk\/WP\/wp-content\/uploads\/2024\/05\/Sankthans-Plakat-1080-x-1350-px.png?resize=640%2C800\" alt=\"Sankthans 2024\" class=\"wp-image-925\" srcset=\"https:\/\/i0.wp.com\/www.4esbjerg.dk\/WP\/wp-content\/uploads\/2024\/05\/Sankthans-Plakat-1080-x-1350-px.png?resize=819%2C1024 819w, https:\/\/i0.wp.com\/www.4esbjerg.dk\/WP\/wp-content\/uploads\/2024\/05\/Sankthans-Plakat-1080-x-1350-px.png?resize=240%2C300 240w, https:\/\/i0.wp.com\/www.4esbjerg.dk\/WP\/wp-content\/uploads\/2024\/05\/Sankthans-Plakat-1080-x-1350-px.png?resize=768%2C960 768w, https:\/\/i0.wp.com\/www.4esbjerg.dk\/WP\/wp-content\/uploads\/2024\/05\/Sankthans-Plakat-1080-x-1350-px.png?resize=300%2C375 300w, https:\/\/i0.wp.com\/www.4esbjerg.dk\/WP\/wp-content\/uploads\/2024\/05\/Sankthans-Plakat-1080-x-1350-px.png?resize=850%2C1063 850w, https:\/\/i0.wp.com\/www.4esbjerg.dk\/WP\/wp-content\/uploads\/2024\/05\/Sankthans-Plakat-1080-x-1350-px.png?w=1080 1080w\" sizes=\"(max-width: 640px) 100vw, 640px\" \/><\/figure>\n\n\n\n<p>Du kan m\u00f8de f\u00f8lgende til arrangementet:<br><a href=\"http:\/\/www.4esbjerg.dk\/\">Spejderne<\/a>, <a href=\"https:\/\/www.facebook.com\/EsbjergKlatrehal\">Esbjerg Klatrehal<\/a>, <a href=\"https:\/\/sigmawine.dk\/\">Sigma Wine<\/a>, <a href=\"https:\/\/gadensgastronomer.dk\/\">Gadens gastronomer<\/a>, <a href=\"https:\/\/www.gjesingkirke.dk\/\">Gjesing kirke<\/a>, <a href=\"https:\/\/www.konservatorietspigekor.dk\/\">Konservatoriets pigekor Esbjerg<\/a>, <a href=\"http:\/\/instagram.com\/denrigtigemoller\">Moller<\/a>, <a href=\"https:\/\/www.facebook.com\/groups\/171762589641424\">Esbjerg Disc golf Klub<\/a>, <a href=\"https:\/\/www.facebook.com\/KORN180.DK\">Korn180<\/a> og <a href=\"https:\/\/www.facebook.com\/groups\/877708741023675\">Lokalsjakket<\/a>.<\/p>\n\n\n\n<p>Vi gl\u00e6der os til at se rigtig mange borgere fra Esbjerg.<\/p>\n\n\n\n<p>St\u00e5r du som forening og vil gerne deltage med en stand\/aktivitet, s\u00e5 kontakt os p\u00e5 info@4esbjerg.dk og h\u00f8r n\u00e6rmere.&nbsp;<\/p>\n\n\n\n<p>Se mindre<\/p>\n","protected":false},"excerpt":{"rendered":"<p>Du kan m\u00f8de f\u00f8lgende til arrangementet:Spejderne, Esbjerg Klatrehal, Sigma Wine, Gadens gastronomer, Gjesing kirke, Konservatoriets pigekor Esbjerg, Moller, Esbjerg Disc golf Klub, Korn180 og Lokalsjakket. Vi gl\u00e6der os til at se rigtig mange borgere fra Esbjerg. St\u00e5r du som forening og vil gerne deltage med en stand\/aktivitet, s\u00e5 kontakt os p\u00e5 info@4esbjerg.dk og h\u00f8r n\u00e6rmere.&nbsp;&#8230;<\/p>\n","protected":false},"author":1,"featured_media":0,"parent":0,"menu_order":0,"comment_status":"closed","ping_status":"closed","template":"","meta":{"_exactmetrics_skip_tracking":false,"_exactmetrics_sitenote_active":false,"_exactmetrics_sitenote_note":"","_exactmetrics_sitenote_category":0,"_uf_show_specific_survey":0,"_uf_disable_surveys":false,"ngg_post_thumbnail":0,"footnotes":""},"class_list":["post-927","page","type-page","status-publish","hentry"],"aioseo_notices":[],"yoast_head":"<!-- This site is optimized with the Yoast SEO plugin v27.3 - https:\/\/yoast.com\/product\/yoast-seo-wordpress\/ -->\n<title>Sankthans 2024 - KFUM 4. Esbjerg Gruppe<\/title>\n<meta name=\"robots\" content=\"index, follow, max-snippet:-1, max-image-preview:large, max-video-preview:-1\" \/>\n<link rel=\"canonical\" href=\"http:\/\/www.4esbjerg.dk\/WP\/sankthans-2024\/\" \/>\n<meta property=\"og:locale\" content=\"en_US\" \/>\n<meta property=\"og:type\" content=\"article\" \/>\n<meta property=\"og:title\" content=\"Sankthans 2024 - KFUM 4. Esbjerg Gruppe\" \/>\n<meta property=\"og:description\" content=\"Du kan m\u00f8de f\u00f8lgende til arrangementet:Spejderne, Esbjerg Klatrehal, Sigma Wine, Gadens gastronomer, Gjesing kirke, Konservatoriets pigekor Esbjerg, Moller, Esbjerg Disc golf Klub, Korn180 og Lokalsjakket. Vi gl\u00e6der os til at se rigtig mange borgere fra Esbjerg. St\u00e5r du som forening og vil gerne deltage med en stand\/aktivitet, s\u00e5 kontakt os p\u00e5 info@4esbjerg.dk og h\u00f8r n\u00e6rmere.&nbsp;...\" \/>\n<meta property=\"og:url\" content=\"http:\/\/www.4esbjerg.dk\/WP\/sankthans-2024\/\" \/>\n<meta property=\"og:site_name\" content=\"KFUM 4. Esbjerg Gruppe\" \/>\n<meta property=\"article:publisher\" content=\"http:\/\/www.facebook.com\/4esbjerg\/\" \/>\n<meta property=\"article:modified_time\" content=\"2024-05-28T20:50:26+00:00\" \/>\n<meta property=\"og:image\" content=\"http:\/\/www.4esbjerg.dk\/WP\/wp-content\/uploads\/2024\/05\/Sankthans-Plakat-1080-x-1350-px-819x1024.png\" \/>\n<meta name=\"twitter:card\" content=\"summary_large_image\" \/>\n<meta name=\"twitter:label1\" content=\"Est. reading time\" \/>\n\t<meta name=\"twitter:data1\" content=\"1 minute\" \/>\n<script type=\"application\/ld+json\" class=\"yoast-schema-graph\">{\"@context\":\"https:\\\/\\\/schema.org\",\"@graph\":[{\"@type\":\"WebPage\",\"@id\":\"http:\\\/\\\/www.4esbjerg.dk\\\/WP\\\/sankthans-2024\\\/\",\"url\":\"http:\\\/\\\/www.4esbjerg.dk\\\/WP\\\/sankthans-2024\\\/\",\"name\":\"Sankthans 2024 - KFUM 4. Esbjerg Gruppe\",\"isPartOf\":{\"@id\":\"http:\\\/\\\/www.4esbjerg.dk\\\/WP\\\/#website\"},\"primaryImageOfPage\":{\"@id\":\"http:\\\/\\\/www.4esbjerg.dk\\\/WP\\\/sankthans-2024\\\/#primaryimage\"},\"image\":{\"@id\":\"http:\\\/\\\/www.4esbjerg.dk\\\/WP\\\/sankthans-2024\\\/#primaryimage\"},\"thumbnailUrl\":\"http:\\\/\\\/www.4esbjerg.dk\\\/WP\\\/wp-content\\\/uploads\\\/2024\\\/05\\\/Sankthans-Plakat-1080-x-1350-px-819x1024.png\",\"datePublished\":\"2024-05-12T06:31:31+00:00\",\"dateModified\":\"2024-05-28T20:50:26+00:00\",\"breadcrumb\":{\"@id\":\"http:\\\/\\\/www.4esbjerg.dk\\\/WP\\\/sankthans-2024\\\/#breadcrumb\"},\"inLanguage\":\"en-US\",\"potentialAction\":[{\"@type\":\"ReadAction\",\"target\":[\"http:\\\/\\\/www.4esbjerg.dk\\\/WP\\\/sankthans-2024\\\/\"]}]},{\"@type\":\"ImageObject\",\"inLanguage\":\"en-US\",\"@id\":\"http:\\\/\\\/www.4esbjerg.dk\\\/WP\\\/sankthans-2024\\\/#primaryimage\",\"url\":\"https:\\\/\\\/i0.wp.com\\\/www.4esbjerg.dk\\\/WP\\\/wp-content\\\/uploads\\\/2024\\\/05\\\/Sankthans-Plakat-1080-x-1350-px.png?fit=1080%2C1350\",\"contentUrl\":\"https:\\\/\\\/i0.wp.com\\\/www.4esbjerg.dk\\\/WP\\\/wp-content\\\/uploads\\\/2024\\\/05\\\/Sankthans-Plakat-1080-x-1350-px.png?fit=1080%2C1350\",\"width\":1080,\"height\":1350,\"caption\":\"Sankthans 2024\"},{\"@type\":\"BreadcrumbList\",\"@id\":\"http:\\\/\\\/www.4esbjerg.dk\\\/WP\\\/sankthans-2024\\\/#breadcrumb\",\"itemListElement\":[{\"@type\":\"ListItem\",\"position\":1,\"name\":\"Home\",\"item\":\"http:\\\/\\\/www.4esbjerg.dk\\\/WP\\\/\"},{\"@type\":\"ListItem\",\"position\":2,\"name\":\"Sankthans 2024\"}]},{\"@type\":\"WebSite\",\"@id\":\"http:\\\/\\\/www.4esbjerg.dk\\\/WP\\\/#website\",\"url\":\"http:\\\/\\\/www.4esbjerg.dk\\\/WP\\\/\",\"name\":\"KFUM 4. Esbjerg Gruppe\",\"description\":\"Er du til Spejderlivet eller klatring, s\u00e5 er du havnet det rigtige sted\",\"publisher\":{\"@id\":\"http:\\\/\\\/www.4esbjerg.dk\\\/WP\\\/#organization\"},\"potentialAction\":[{\"@type\":\"SearchAction\",\"target\":{\"@type\":\"EntryPoint\",\"urlTemplate\":\"http:\\\/\\\/www.4esbjerg.dk\\\/WP\\\/?s={search_term_string}\"},\"query-input\":{\"@type\":\"PropertyValueSpecification\",\"valueRequired\":true,\"valueName\":\"search_term_string\"}}],\"inLanguage\":\"en-US\"},{\"@type\":\"Organization\",\"@id\":\"http:\\\/\\\/www.4esbjerg.dk\\\/WP\\\/#organization\",\"name\":\"KFUM 4. Esbjerg Gruppe\",\"url\":\"http:\\\/\\\/www.4esbjerg.dk\\\/WP\\\/\",\"logo\":{\"@type\":\"ImageObject\",\"inLanguage\":\"en-US\",\"@id\":\"http:\\\/\\\/www.4esbjerg.dk\\\/WP\\\/#\\\/schema\\\/logo\\\/image\\\/\",\"url\":\"https:\\\/\\\/i0.wp.com\\\/www.4esbjerg.dk\\\/WP\\\/wp-content\\\/uploads\\\/2019\\\/05\\\/KFUM-Spejderne_farver_firkantet-redigeret.png?fit=867%2C867\",\"contentUrl\":\"https:\\\/\\\/i0.wp.com\\\/www.4esbjerg.dk\\\/WP\\\/wp-content\\\/uploads\\\/2019\\\/05\\\/KFUM-Spejderne_farver_firkantet-redigeret.png?fit=867%2C867\",\"width\":867,\"height\":867,\"caption\":\"KFUM 4. Esbjerg Gruppe\"},\"image\":{\"@id\":\"http:\\\/\\\/www.4esbjerg.dk\\\/WP\\\/#\\\/schema\\\/logo\\\/image\\\/\"},\"sameAs\":[\"http:\\\/\\\/www.facebook.com\\\/4esbjerg\\\/\"]}]}<\/script>\n<!-- \/ Yoast SEO plugin. -->","yoast_head_json":{"title":"Sankthans 2024 - KFUM 4. Esbjerg Gruppe","robots":{"index":"index","follow":"follow","max-snippet":"max-snippet:-1","max-image-preview":"max-image-preview:large","max-video-preview":"max-video-preview:-1"},"canonical":"http:\/\/www.4esbjerg.dk\/WP\/sankthans-2024\/","og_locale":"en_US","og_type":"article","og_title":"Sankthans 2024 - KFUM 4. Esbjerg Gruppe","og_description":"Du kan m\u00f8de f\u00f8lgende til arrangementet:Spejderne, Esbjerg Klatrehal, Sigma Wine, Gadens gastronomer, Gjesing kirke, Konservatoriets pigekor Esbjerg, Moller, Esbjerg Disc golf Klub, Korn180 og Lokalsjakket. Vi gl\u00e6der os til at se rigtig mange borgere fra Esbjerg. St\u00e5r du som forening og vil gerne deltage med en stand\/aktivitet, s\u00e5 kontakt os p\u00e5 info@4esbjerg.dk og h\u00f8r n\u00e6rmere.&nbsp;...","og_url":"http:\/\/www.4esbjerg.dk\/WP\/sankthans-2024\/","og_site_name":"KFUM 4. Esbjerg Gruppe","article_publisher":"http:\/\/www.facebook.com\/4esbjerg\/","article_modified_time":"2024-05-28T20:50:26+00:00","og_image":[{"url":"http:\/\/www.4esbjerg.dk\/WP\/wp-content\/uploads\/2024\/05\/Sankthans-Plakat-1080-x-1350-px-819x1024.png","type":"","width":"","height":""}],"twitter_card":"summary_large_image","twitter_misc":{"Est. reading time":"1 minute"},"schema":{"@context":"https:\/\/schema.org","@graph":[{"@type":"WebPage","@id":"http:\/\/www.4esbjerg.dk\/WP\/sankthans-2024\/","url":"http:\/\/www.4esbjerg.dk\/WP\/sankthans-2024\/","name":"Sankthans 2024 - KFUM 4. Esbjerg Gruppe","isPartOf":{"@id":"http:\/\/www.4esbjerg.dk\/WP\/#website"},"primaryImageOfPage":{"@id":"http:\/\/www.4esbjerg.dk\/WP\/sankthans-2024\/#primaryimage"},"image":{"@id":"http:\/\/www.4esbjerg.dk\/WP\/sankthans-2024\/#primaryimage"},"thumbnailUrl":"http:\/\/www.4esbjerg.dk\/WP\/wp-content\/uploads\/2024\/05\/Sankthans-Plakat-1080-x-1350-px-819x1024.png","datePublished":"2024-05-12T06:31:31+00:00","dateModified":"2024-05-28T20:50:26+00:00","breadcrumb":{"@id":"http:\/\/www.4esbjerg.dk\/WP\/sankthans-2024\/#breadcrumb"},"inLanguage":"en-US","potentialAction":[{"@type":"ReadAction","target":["http:\/\/www.4esbjerg.dk\/WP\/sankthans-2024\/"]}]},{"@type":"ImageObject","inLanguage":"en-US","@id":"http:\/\/www.4esbjerg.dk\/WP\/sankthans-2024\/#primaryimage","url":"https:\/\/i0.wp.com\/www.4esbjerg.dk\/WP\/wp-content\/uploads\/2024\/05\/Sankthans-Plakat-1080-x-1350-px.png?fit=1080%2C1350","contentUrl":"https:\/\/i0.wp.com\/www.4esbjerg.dk\/WP\/wp-content\/uploads\/2024\/05\/Sankthans-Plakat-1080-x-1350-px.png?fit=1080%2C1350","width":1080,"height":1350,"caption":"Sankthans 2024"},{"@type":"BreadcrumbList","@id":"http:\/\/www.4esbjerg.dk\/WP\/sankthans-2024\/#breadcrumb","itemListElement":[{"@type":"ListItem","position":1,"name":"Home","item":"http:\/\/www.4esbjerg.dk\/WP\/"},{"@type":"ListItem","position":2,"name":"Sankthans 2024"}]},{"@type":"WebSite","@id":"http:\/\/www.4esbjerg.dk\/WP\/#website","url":"http:\/\/www.4esbjerg.dk\/WP\/","name":"KFUM 4. Esbjerg Gruppe","description":"Er du til Spejderlivet eller klatring, s\u00e5 er du havnet det rigtige sted","publisher":{"@id":"http:\/\/www.4esbjerg.dk\/WP\/#organization"},"potentialAction":[{"@type":"SearchAction","target":{"@type":"EntryPoint","urlTemplate":"http:\/\/www.4esbjerg.dk\/WP\/?s={search_term_string}"},"query-input":{"@type":"PropertyValueSpecification","valueRequired":true,"valueName":"search_term_string"}}],"inLanguage":"en-US"},{"@type":"Organization","@id":"http:\/\/www.4esbjerg.dk\/WP\/#organization","name":"KFUM 4. Esbjerg Gruppe","url":"http:\/\/www.4esbjerg.dk\/WP\/","logo":{"@type":"ImageObject","inLanguage":"en-US","@id":"http:\/\/www.4esbjerg.dk\/WP\/#\/schema\/logo\/image\/","url":"https:\/\/i0.wp.com\/www.4esbjerg.dk\/WP\/wp-content\/uploads\/2019\/05\/KFUM-Spejderne_farver_firkantet-redigeret.png?fit=867%2C867","contentUrl":"https:\/\/i0.wp.com\/www.4esbjerg.dk\/WP\/wp-content\/uploads\/2019\/05\/KFUM-Spejderne_farver_firkantet-redigeret.png?fit=867%2C867","width":867,"height":867,"caption":"KFUM 4. Esbjerg Gruppe"},"image":{"@id":"http:\/\/www.4esbjerg.dk\/WP\/#\/schema\/logo\/image\/"},"sameAs":["http:\/\/www.facebook.com\/4esbjerg\/"]}]}},"jetpack_sharing_enabled":true,"_links":{"self":[{"href":"http:\/\/www.4esbjerg.dk\/WP\/wp-json\/wp\/v2\/pages\/927","targetHints":{"allow":["GET"]}}],"collection":[{"href":"http:\/\/www.4esbjerg.dk\/WP\/wp-json\/wp\/v2\/pages"}],"about":[{"href":"http:\/\/www.4esbjerg.dk\/WP\/wp-json\/wp\/v2\/types\/page"}],"author":[{"embeddable":true,"href":"http:\/\/www.4esbjerg.dk\/WP\/wp-json\/wp\/v2\/users\/1"}],"replies":[{"embeddable":true,"href":"http:\/\/www.4esbjerg.dk\/WP\/wp-json\/wp\/v2\/comments?post=927"}],"version-history":[{"count":2,"href":"http:\/\/www.4esbjerg.dk\/WP\/wp-json\/wp\/v2\/pages\/927\/revisions"}],"predecessor-version":[{"id":938,"href":"http:\/\/www.4esbjerg.dk\/WP\/wp-json\/wp\/v2\/pages\/927\/revisions\/938"}],"wp:attachment":[{"href":"http:\/\/www.4esbjerg.dk\/WP\/wp-json\/wp\/v2\/media?parent=927"}],"curies":[{"name":"wp","href":"https:\/\/api.w.org\/{rel}","templated":true}]}}