{"id":168,"date":"2019-05-08T23:03:06","date_gmt":"2019-05-08T21:03:06","guid":{"rendered":"http:\/\/www.4esbjerg.dk\/WP\/?page_id=168"},"modified":"2023-08-08T19:20:20","modified_gmt":"2023-08-08T18:20:20","slug":"kontingent","status":"publish","type":"page","link":"https:\/\/www.4esbjerg.dk\/WP\/mere-om-gruppen\/kontingent\/","title":{"rendered":"Kontingent 2023-2024"},"content":{"rendered":"\n<p>Et \u00e5rs kontingent f\u00f8lger skole\u00e5ret fra 1. september til 31. august.<\/p>\n\n\n\n<h3 class=\"wp-block-heading\">Priser<\/h3>\n\n\n\n<figure class=\"wp-block-table is-style-stripes\"><table class=\"\"><tbody><tr><td>Spejder og Klatrer<\/td><td>600 kr.<\/td><\/tr><tr><td>Rover \/ Leder \/ Instrukt\u00f8r<\/td><td>500 kr.<\/td><\/tr><tr><td><span style=\"text-decoration: underline;\">Familiespejder<\/span><\/td><td><\/td><\/tr><tr><td>Familiespejder (for\u00e6ldre + 1 barn)<\/td><td>500 kr.<\/td><\/tr><tr><td> Familiespejder (for\u00e6ldre + 2 b\u00f8rn) <\/td><td>600 kr.<\/td><\/tr><tr><td> Familiespejder (for\u00e6ldre + 3 b\u00f8rn) <\/td><td>700kr.<\/td><\/tr><\/tbody><\/table><\/figure>\n","protected":false},"excerpt":{"rendered":"<p>Et \u00e5rs kontingent f\u00f8lger skole\u00e5ret fra 1. september til 31. august. Priser Spejder og Klatrer 600 kr. Rover \/ Leder \/ Instrukt\u00f8r 500 kr. Familiespejder Familiespejder (for\u00e6ldre + 1 barn) 500 kr. Familiespejder (for\u00e6ldre + 2 b\u00f8rn) 600 kr. Familiespejder (for\u00e6ldre + 3 b\u00f8rn) 700kr.<\/p>\n","protected":false},"author":1,"featured_media":0,"parent":139,"menu_order":3,"comment_status":"closed","ping_status":"closed","template":"","meta":{"_exactmetrics_skip_tracking":false,"_exactmetrics_sitenote_active":false,"_exactmetrics_sitenote_note":"","_exactmetrics_sitenote_category":0,"_uf_show_specific_survey":0,"_uf_disable_surveys":false,"ngg_post_thumbnail":0,"footnotes":""},"class_list":["post-168","page","type-page","status-publish","hentry"],"aioseo_notices":[],"yoast_head":"<!-- This site is optimized with the Yoast SEO plugin v27.3 - https:\/\/yoast.com\/product\/yoast-seo-wordpress\/ -->\n<title>Kontingent 2023-2024 - KFUM 4. Esbjerg Gruppe<\/title>\n<meta name=\"robots\" content=\"index, follow, max-snippet:-1, max-image-preview:large, max-video-preview:-1\" \/>\n<link rel=\"canonical\" href=\"http:\/\/www.4esbjerg.dk\/WP\/mere-om-gruppen\/kontingent\/\" \/>\n<meta property=\"og:locale\" content=\"en_US\" \/>\n<meta property=\"og:type\" content=\"article\" \/>\n<meta property=\"og:title\" content=\"Kontingent 2023-2024 - KFUM 4. Esbjerg Gruppe\" \/>\n<meta property=\"og:description\" content=\"Et \u00e5rs kontingent f\u00f8lger skole\u00e5ret fra 1. september til 31. august. Priser Spejder og Klatrer 600 kr. Rover \/ Leder \/ Instrukt\u00f8r 500 kr. Familiespejder Familiespejder (for\u00e6ldre + 1 barn) 500 kr. Familiespejder (for\u00e6ldre + 2 b\u00f8rn) 600 kr. Familiespejder (for\u00e6ldre + 3 b\u00f8rn) 700kr.\" \/>\n<meta property=\"og:url\" content=\"http:\/\/www.4esbjerg.dk\/WP\/mere-om-gruppen\/kontingent\/\" \/>\n<meta property=\"og:site_name\" content=\"KFUM 4. Esbjerg Gruppe\" \/>\n<meta property=\"article:publisher\" content=\"http:\/\/www.facebook.com\/4esbjerg\/\" \/>\n<meta property=\"article:modified_time\" content=\"2023-08-08T18:20:20+00:00\" \/>\n<meta name=\"twitter:card\" content=\"summary_large_image\" \/>\n<script type=\"application\/ld+json\" class=\"yoast-schema-graph\">{\"@context\":\"https:\\\/\\\/schema.org\",\"@graph\":[{\"@type\":\"WebPage\",\"@id\":\"http:\\\/\\\/www.4esbjerg.dk\\\/WP\\\/mere-om-gruppen\\\/kontingent\\\/\",\"url\":\"http:\\\/\\\/www.4esbjerg.dk\\\/WP\\\/mere-om-gruppen\\\/kontingent\\\/\",\"name\":\"Kontingent 2023-2024 - KFUM 4. Esbjerg Gruppe\",\"isPartOf\":{\"@id\":\"http:\\\/\\\/www.4esbjerg.dk\\\/WP\\\/#website\"},\"datePublished\":\"2019-05-08T21:03:06+00:00\",\"dateModified\":\"2023-08-08T18:20:20+00:00\",\"breadcrumb\":{\"@id\":\"http:\\\/\\\/www.4esbjerg.dk\\\/WP\\\/mere-om-gruppen\\\/kontingent\\\/#breadcrumb\"},\"inLanguage\":\"en-US\",\"potentialAction\":[{\"@type\":\"ReadAction\",\"target\":[\"http:\\\/\\\/www.4esbjerg.dk\\\/WP\\\/mere-om-gruppen\\\/kontingent\\\/\"]}]},{\"@type\":\"BreadcrumbList\",\"@id\":\"http:\\\/\\\/www.4esbjerg.dk\\\/WP\\\/mere-om-gruppen\\\/kontingent\\\/#breadcrumb\",\"itemListElement\":[{\"@type\":\"ListItem\",\"position\":1,\"name\":\"Home\",\"item\":\"http:\\\/\\\/www.4esbjerg.dk\\\/WP\\\/\"},{\"@type\":\"ListItem\",\"position\":2,\"name\":\"Mere om gruppen\",\"item\":\"http:\\\/\\\/www.4esbjerg.dk\\\/WP\\\/mere-om-gruppen\\\/\"},{\"@type\":\"ListItem\",\"position\":3,\"name\":\"Kontingent 2023-2024\"}]},{\"@type\":\"WebSite\",\"@id\":\"http:\\\/\\\/www.4esbjerg.dk\\\/WP\\\/#website\",\"url\":\"http:\\\/\\\/www.4esbjerg.dk\\\/WP\\\/\",\"name\":\"KFUM 4. Esbjerg Gruppe\",\"description\":\"Er du til Spejderlivet eller klatring, s\u00e5 er du havnet det rigtige sted\",\"publisher\":{\"@id\":\"http:\\\/\\\/www.4esbjerg.dk\\\/WP\\\/#organization\"},\"potentialAction\":[{\"@type\":\"SearchAction\",\"target\":{\"@type\":\"EntryPoint\",\"urlTemplate\":\"http:\\\/\\\/www.4esbjerg.dk\\\/WP\\\/?s={search_term_string}\"},\"query-input\":{\"@type\":\"PropertyValueSpecification\",\"valueRequired\":true,\"valueName\":\"search_term_string\"}}],\"inLanguage\":\"en-US\"},{\"@type\":\"Organization\",\"@id\":\"http:\\\/\\\/www.4esbjerg.dk\\\/WP\\\/#organization\",\"name\":\"KFUM 4. Esbjerg Gruppe\",\"url\":\"http:\\\/\\\/www.4esbjerg.dk\\\/WP\\\/\",\"logo\":{\"@type\":\"ImageObject\",\"inLanguage\":\"en-US\",\"@id\":\"http:\\\/\\\/www.4esbjerg.dk\\\/WP\\\/#\\\/schema\\\/logo\\\/image\\\/\",\"url\":\"https:\\\/\\\/i0.wp.com\\\/www.4esbjerg.dk\\\/WP\\\/wp-content\\\/uploads\\\/2019\\\/05\\\/KFUM-Spejderne_farver_firkantet-redigeret.png?fit=867%2C867\",\"contentUrl\":\"https:\\\/\\\/i0.wp.com\\\/www.4esbjerg.dk\\\/WP\\\/wp-content\\\/uploads\\\/2019\\\/05\\\/KFUM-Spejderne_farver_firkantet-redigeret.png?fit=867%2C867\",\"width\":867,\"height\":867,\"caption\":\"KFUM 4. Esbjerg Gruppe\"},\"image\":{\"@id\":\"http:\\\/\\\/www.4esbjerg.dk\\\/WP\\\/#\\\/schema\\\/logo\\\/image\\\/\"},\"sameAs\":[\"http:\\\/\\\/www.facebook.com\\\/4esbjerg\\\/\"]}]}<\/script>\n<!-- \/ Yoast SEO plugin. -->","yoast_head_json":{"title":"Kontingent 2023-2024 - KFUM 4. Esbjerg Gruppe","robots":{"index":"index","follow":"follow","max-snippet":"max-snippet:-1","max-image-preview":"max-image-preview:large","max-video-preview":"max-video-preview:-1"},"canonical":"http:\/\/www.4esbjerg.dk\/WP\/mere-om-gruppen\/kontingent\/","og_locale":"en_US","og_type":"article","og_title":"Kontingent 2023-2024 - KFUM 4. Esbjerg Gruppe","og_description":"Et \u00e5rs kontingent f\u00f8lger skole\u00e5ret fra 1. september til 31. august. Priser Spejder og Klatrer 600 kr. Rover \/ Leder \/ Instrukt\u00f8r 500 kr. Familiespejder Familiespejder (for\u00e6ldre + 1 barn) 500 kr. Familiespejder (for\u00e6ldre + 2 b\u00f8rn) 600 kr. Familiespejder (for\u00e6ldre + 3 b\u00f8rn) 700kr.","og_url":"http:\/\/www.4esbjerg.dk\/WP\/mere-om-gruppen\/kontingent\/","og_site_name":"KFUM 4. Esbjerg Gruppe","article_publisher":"http:\/\/www.facebook.com\/4esbjerg\/","article_modified_time":"2023-08-08T18:20:20+00:00","twitter_card":"summary_large_image","schema":{"@context":"https:\/\/schema.org","@graph":[{"@type":"WebPage","@id":"http:\/\/www.4esbjerg.dk\/WP\/mere-om-gruppen\/kontingent\/","url":"http:\/\/www.4esbjerg.dk\/WP\/mere-om-gruppen\/kontingent\/","name":"Kontingent 2023-2024 - KFUM 4. Esbjerg Gruppe","isPartOf":{"@id":"http:\/\/www.4esbjerg.dk\/WP\/#website"},"datePublished":"2019-05-08T21:03:06+00:00","dateModified":"2023-08-08T18:20:20+00:00","breadcrumb":{"@id":"http:\/\/www.4esbjerg.dk\/WP\/mere-om-gruppen\/kontingent\/#breadcrumb"},"inLanguage":"en-US","potentialAction":[{"@type":"ReadAction","target":["http:\/\/www.4esbjerg.dk\/WP\/mere-om-gruppen\/kontingent\/"]}]},{"@type":"BreadcrumbList","@id":"http:\/\/www.4esbjerg.dk\/WP\/mere-om-gruppen\/kontingent\/#breadcrumb","itemListElement":[{"@type":"ListItem","position":1,"name":"Home","item":"http:\/\/www.4esbjerg.dk\/WP\/"},{"@type":"ListItem","position":2,"name":"Mere om gruppen","item":"http:\/\/www.4esbjerg.dk\/WP\/mere-om-gruppen\/"},{"@type":"ListItem","position":3,"name":"Kontingent 2023-2024"}]},{"@type":"WebSite","@id":"http:\/\/www.4esbjerg.dk\/WP\/#website","url":"http:\/\/www.4esbjerg.dk\/WP\/","name":"KFUM 4. Esbjerg Gruppe","description":"Er du til Spejderlivet eller klatring, s\u00e5 er du havnet det rigtige sted","publisher":{"@id":"http:\/\/www.4esbjerg.dk\/WP\/#organization"},"potentialAction":[{"@type":"SearchAction","target":{"@type":"EntryPoint","urlTemplate":"http:\/\/www.4esbjerg.dk\/WP\/?s={search_term_string}"},"query-input":{"@type":"PropertyValueSpecification","valueRequired":true,"valueName":"search_term_string"}}],"inLanguage":"en-US"},{"@type":"Organization","@id":"http:\/\/www.4esbjerg.dk\/WP\/#organization","name":"KFUM 4. Esbjerg Gruppe","url":"http:\/\/www.4esbjerg.dk\/WP\/","logo":{"@type":"ImageObject","inLanguage":"en-US","@id":"http:\/\/www.4esbjerg.dk\/WP\/#\/schema\/logo\/image\/","url":"https:\/\/i0.wp.com\/www.4esbjerg.dk\/WP\/wp-content\/uploads\/2019\/05\/KFUM-Spejderne_farver_firkantet-redigeret.png?fit=867%2C867","contentUrl":"https:\/\/i0.wp.com\/www.4esbjerg.dk\/WP\/wp-content\/uploads\/2019\/05\/KFUM-Spejderne_farver_firkantet-redigeret.png?fit=867%2C867","width":867,"height":867,"caption":"KFUM 4. Esbjerg Gruppe"},"image":{"@id":"http:\/\/www.4esbjerg.dk\/WP\/#\/schema\/logo\/image\/"},"sameAs":["http:\/\/www.facebook.com\/4esbjerg\/"]}]}},"jetpack_sharing_enabled":true,"_links":{"self":[{"href":"https:\/\/www.4esbjerg.dk\/WP\/wp-json\/wp\/v2\/pages\/168","targetHints":{"allow":["GET"]}}],"collection":[{"href":"https:\/\/www.4esbjerg.dk\/WP\/wp-json\/wp\/v2\/pages"}],"about":[{"href":"https:\/\/www.4esbjerg.dk\/WP\/wp-json\/wp\/v2\/types\/page"}],"author":[{"embeddable":true,"href":"https:\/\/www.4esbjerg.dk\/WP\/wp-json\/wp\/v2\/users\/1"}],"replies":[{"embeddable":true,"href":"https:\/\/www.4esbjerg.dk\/WP\/wp-json\/wp\/v2\/comments?post=168"}],"version-history":[{"count":6,"href":"https:\/\/www.4esbjerg.dk\/WP\/wp-json\/wp\/v2\/pages\/168\/revisions"}],"predecessor-version":[{"id":766,"href":"https:\/\/www.4esbjerg.dk\/WP\/wp-json\/wp\/v2\/pages\/168\/revisions\/766"}],"up":[{"embeddable":true,"href":"https:\/\/www.4esbjerg.dk\/WP\/wp-json\/wp\/v2\/pages\/139"}],"wp:attachment":[{"href":"https:\/\/www.4esbjerg.dk\/WP\/wp-json\/wp\/v2\/media?parent=168"}],"curies":[{"name":"wp","href":"https:\/\/api.w.org\/{rel}","templated":true}]}}