{"id":199,"date":"2019-05-10T22:15:41","date_gmt":"2019-05-10T20:15:41","guid":{"rendered":"http:\/\/www.4esbjerg.dk\/WP\/?page_id=199"},"modified":"2024-04-08T18:31:50","modified_gmt":"2024-04-08T17:31:50","slug":"grupperadet","status":"publish","type":"page","link":"https:\/\/www.4esbjerg.dk\/WP\/mere-om-gruppen\/grupperadet\/","title":{"rendered":"Grupper\u00e5det"},"content":{"rendered":"\n<p>Grupper\u00e5det best\u00e5r af f\u00f8lgende personer<\/p>\n\n\n\n<figure class=\"wp-block-table is-style-stripes\"><table class=\"\"><tbody><tr><td> Gruppe formand<\/td><td>Mads Brinck<\/td><td><\/td><td><\/td><\/tr><tr><td>Gruppe leder<\/td><td>Carsten Villadsen <\/td><td><a href=\"mailto:villadsen.carsten@gmail.com\">Email<\/a>  <\/td><td>51342784<\/td><\/tr><tr><td>Kasserer<\/td><td>Anders S\u00f8gaard Jensen <\/td><td><a href=\"mailto:anders@eoa.dk\">Email<\/a> <\/td><td>60351543<\/td><\/tr><tr><td>Bestyrelsesmedlemmer<br><br><\/td><td>Niels Peter Silberbauer<br>Anne Hahne<br>John Jensen<\/td><td><\/td><td><\/td><\/tr><tr><td>For\u00e6ldrerepr\u00e6sentanter <\/td><td>J\u00f8rgen Hjorth<br>Finn Thomsen<br>Line Stuckmann<\/td><td><\/td><td><\/td><\/tr><\/tbody><\/table><\/figure>\n\n\n\n<h2 class=\"wp-block-heading\">Sankthans udvalg <\/h2>\n\n\n\n<p>Trine Birkemose<\/p>\n\n\n\n<p>Anders S\u00f8gaard Jensen<\/p>\n\n\n\n<p>Carsten Villadsen<\/p>\n","protected":false},"excerpt":{"rendered":"<p>Grupper\u00e5det best\u00e5r af f\u00f8lgende personer Gruppe formand Mads Brinck Gruppe leder Carsten Villadsen Email 51342784 Kasserer Anders S\u00f8gaard Jensen Email 60351543 Bestyrelsesmedlemmer Niels Peter SilberbauerAnne HahneJohn Jensen For\u00e6ldrerepr\u00e6sentanter J\u00f8rgen HjorthFinn ThomsenLine Stuckmann Sankthans udvalg Trine Birkemose Anders S\u00f8gaard Jensen Carsten Villadsen<\/p>\n","protected":false},"author":1,"featured_media":0,"parent":139,"menu_order":4,"comment_status":"closed","ping_status":"closed","template":"","meta":{"_exactmetrics_skip_tracking":false,"_exactmetrics_sitenote_active":false,"_exactmetrics_sitenote_note":"","_exactmetrics_sitenote_category":0,"_uf_show_specific_survey":0,"_uf_disable_surveys":false,"ngg_post_thumbnail":0,"footnotes":""},"class_list":["post-199","page","type-page","status-publish","hentry"],"aioseo_notices":[],"yoast_head":"<!-- This site is optimized with the Yoast SEO plugin v27.3 - https:\/\/yoast.com\/product\/yoast-seo-wordpress\/ -->\n<title>Grupper\u00e5det - KFUM 4. Esbjerg Gruppe<\/title>\n<meta name=\"robots\" content=\"index, follow, max-snippet:-1, max-image-preview:large, max-video-preview:-1\" \/>\n<link rel=\"canonical\" href=\"http:\/\/www.4esbjerg.dk\/WP\/mere-om-gruppen\/grupperadet\/\" \/>\n<meta property=\"og:locale\" content=\"en_US\" \/>\n<meta property=\"og:type\" content=\"article\" \/>\n<meta property=\"og:title\" content=\"Grupper\u00e5det - KFUM 4. Esbjerg Gruppe\" \/>\n<meta property=\"og:description\" content=\"Grupper\u00e5det best\u00e5r af f\u00f8lgende personer Gruppe formand Mads Brinck Gruppe leder Carsten Villadsen Email 51342784 Kasserer Anders S\u00f8gaard Jensen Email 60351543 Bestyrelsesmedlemmer Niels Peter SilberbauerAnne HahneJohn Jensen For\u00e6ldrerepr\u00e6sentanter J\u00f8rgen HjorthFinn ThomsenLine Stuckmann Sankthans udvalg Trine Birkemose Anders S\u00f8gaard Jensen Carsten Villadsen\" \/>\n<meta property=\"og:url\" content=\"http:\/\/www.4esbjerg.dk\/WP\/mere-om-gruppen\/grupperadet\/\" \/>\n<meta property=\"og:site_name\" content=\"KFUM 4. Esbjerg Gruppe\" \/>\n<meta property=\"article:publisher\" content=\"http:\/\/www.facebook.com\/4esbjerg\/\" \/>\n<meta property=\"article:modified_time\" content=\"2024-04-08T17:31:50+00:00\" \/>\n<meta name=\"twitter:card\" content=\"summary_large_image\" \/>\n<script type=\"application\/ld+json\" class=\"yoast-schema-graph\">{\"@context\":\"https:\\\/\\\/schema.org\",\"@graph\":[{\"@type\":\"WebPage\",\"@id\":\"http:\\\/\\\/www.4esbjerg.dk\\\/WP\\\/mere-om-gruppen\\\/grupperadet\\\/\",\"url\":\"http:\\\/\\\/www.4esbjerg.dk\\\/WP\\\/mere-om-gruppen\\\/grupperadet\\\/\",\"name\":\"Grupper\u00e5det - KFUM 4. Esbjerg Gruppe\",\"isPartOf\":{\"@id\":\"http:\\\/\\\/www.4esbjerg.dk\\\/WP\\\/#website\"},\"datePublished\":\"2019-05-10T20:15:41+00:00\",\"dateModified\":\"2024-04-08T17:31:50+00:00\",\"breadcrumb\":{\"@id\":\"http:\\\/\\\/www.4esbjerg.dk\\\/WP\\\/mere-om-gruppen\\\/grupperadet\\\/#breadcrumb\"},\"inLanguage\":\"en-US\",\"potentialAction\":[{\"@type\":\"ReadAction\",\"target\":[\"http:\\\/\\\/www.4esbjerg.dk\\\/WP\\\/mere-om-gruppen\\\/grupperadet\\\/\"]}]},{\"@type\":\"BreadcrumbList\",\"@id\":\"http:\\\/\\\/www.4esbjerg.dk\\\/WP\\\/mere-om-gruppen\\\/grupperadet\\\/#breadcrumb\",\"itemListElement\":[{\"@type\":\"ListItem\",\"position\":1,\"name\":\"Home\",\"item\":\"http:\\\/\\\/www.4esbjerg.dk\\\/WP\\\/\"},{\"@type\":\"ListItem\",\"position\":2,\"name\":\"Mere om gruppen\",\"item\":\"http:\\\/\\\/www.4esbjerg.dk\\\/WP\\\/mere-om-gruppen\\\/\"},{\"@type\":\"ListItem\",\"position\":3,\"name\":\"Grupper\u00e5det\"}]},{\"@type\":\"WebSite\",\"@id\":\"http:\\\/\\\/www.4esbjerg.dk\\\/WP\\\/#website\",\"url\":\"http:\\\/\\\/www.4esbjerg.dk\\\/WP\\\/\",\"name\":\"KFUM 4. Esbjerg Gruppe\",\"description\":\"Er du til Spejderlivet eller klatring, s\u00e5 er du havnet det rigtige sted\",\"publisher\":{\"@id\":\"http:\\\/\\\/www.4esbjerg.dk\\\/WP\\\/#organization\"},\"potentialAction\":[{\"@type\":\"SearchAction\",\"target\":{\"@type\":\"EntryPoint\",\"urlTemplate\":\"http:\\\/\\\/www.4esbjerg.dk\\\/WP\\\/?s={search_term_string}\"},\"query-input\":{\"@type\":\"PropertyValueSpecification\",\"valueRequired\":true,\"valueName\":\"search_term_string\"}}],\"inLanguage\":\"en-US\"},{\"@type\":\"Organization\",\"@id\":\"http:\\\/\\\/www.4esbjerg.dk\\\/WP\\\/#organization\",\"name\":\"KFUM 4. Esbjerg Gruppe\",\"url\":\"http:\\\/\\\/www.4esbjerg.dk\\\/WP\\\/\",\"logo\":{\"@type\":\"ImageObject\",\"inLanguage\":\"en-US\",\"@id\":\"http:\\\/\\\/www.4esbjerg.dk\\\/WP\\\/#\\\/schema\\\/logo\\\/image\\\/\",\"url\":\"https:\\\/\\\/i0.wp.com\\\/www.4esbjerg.dk\\\/WP\\\/wp-content\\\/uploads\\\/2019\\\/05\\\/KFUM-Spejderne_farver_firkantet-redigeret.png?fit=867%2C867\",\"contentUrl\":\"https:\\\/\\\/i0.wp.com\\\/www.4esbjerg.dk\\\/WP\\\/wp-content\\\/uploads\\\/2019\\\/05\\\/KFUM-Spejderne_farver_firkantet-redigeret.png?fit=867%2C867\",\"width\":867,\"height\":867,\"caption\":\"KFUM 4. Esbjerg Gruppe\"},\"image\":{\"@id\":\"http:\\\/\\\/www.4esbjerg.dk\\\/WP\\\/#\\\/schema\\\/logo\\\/image\\\/\"},\"sameAs\":[\"http:\\\/\\\/www.facebook.com\\\/4esbjerg\\\/\"]}]}<\/script>\n<!-- \/ Yoast SEO plugin. -->","yoast_head_json":{"title":"Grupper\u00e5det - KFUM 4. Esbjerg Gruppe","robots":{"index":"index","follow":"follow","max-snippet":"max-snippet:-1","max-image-preview":"max-image-preview:large","max-video-preview":"max-video-preview:-1"},"canonical":"http:\/\/www.4esbjerg.dk\/WP\/mere-om-gruppen\/grupperadet\/","og_locale":"en_US","og_type":"article","og_title":"Grupper\u00e5det - KFUM 4. Esbjerg Gruppe","og_description":"Grupper\u00e5det best\u00e5r af f\u00f8lgende personer Gruppe formand Mads Brinck Gruppe leder Carsten Villadsen Email 51342784 Kasserer Anders S\u00f8gaard Jensen Email 60351543 Bestyrelsesmedlemmer Niels Peter SilberbauerAnne HahneJohn Jensen For\u00e6ldrerepr\u00e6sentanter J\u00f8rgen HjorthFinn ThomsenLine Stuckmann Sankthans udvalg Trine Birkemose Anders S\u00f8gaard Jensen Carsten Villadsen","og_url":"http:\/\/www.4esbjerg.dk\/WP\/mere-om-gruppen\/grupperadet\/","og_site_name":"KFUM 4. Esbjerg Gruppe","article_publisher":"http:\/\/www.facebook.com\/4esbjerg\/","article_modified_time":"2024-04-08T17:31:50+00:00","twitter_card":"summary_large_image","schema":{"@context":"https:\/\/schema.org","@graph":[{"@type":"WebPage","@id":"http:\/\/www.4esbjerg.dk\/WP\/mere-om-gruppen\/grupperadet\/","url":"http:\/\/www.4esbjerg.dk\/WP\/mere-om-gruppen\/grupperadet\/","name":"Grupper\u00e5det - KFUM 4. Esbjerg Gruppe","isPartOf":{"@id":"http:\/\/www.4esbjerg.dk\/WP\/#website"},"datePublished":"2019-05-10T20:15:41+00:00","dateModified":"2024-04-08T17:31:50+00:00","breadcrumb":{"@id":"http:\/\/www.4esbjerg.dk\/WP\/mere-om-gruppen\/grupperadet\/#breadcrumb"},"inLanguage":"en-US","potentialAction":[{"@type":"ReadAction","target":["http:\/\/www.4esbjerg.dk\/WP\/mere-om-gruppen\/grupperadet\/"]}]},{"@type":"BreadcrumbList","@id":"http:\/\/www.4esbjerg.dk\/WP\/mere-om-gruppen\/grupperadet\/#breadcrumb","itemListElement":[{"@type":"ListItem","position":1,"name":"Home","item":"http:\/\/www.4esbjerg.dk\/WP\/"},{"@type":"ListItem","position":2,"name":"Mere om gruppen","item":"http:\/\/www.4esbjerg.dk\/WP\/mere-om-gruppen\/"},{"@type":"ListItem","position":3,"name":"Grupper\u00e5det"}]},{"@type":"WebSite","@id":"http:\/\/www.4esbjerg.dk\/WP\/#website","url":"http:\/\/www.4esbjerg.dk\/WP\/","name":"KFUM 4. Esbjerg Gruppe","description":"Er du til Spejderlivet eller klatring, s\u00e5 er du havnet det rigtige sted","publisher":{"@id":"http:\/\/www.4esbjerg.dk\/WP\/#organization"},"potentialAction":[{"@type":"SearchAction","target":{"@type":"EntryPoint","urlTemplate":"http:\/\/www.4esbjerg.dk\/WP\/?s={search_term_string}"},"query-input":{"@type":"PropertyValueSpecification","valueRequired":true,"valueName":"search_term_string"}}],"inLanguage":"en-US"},{"@type":"Organization","@id":"http:\/\/www.4esbjerg.dk\/WP\/#organization","name":"KFUM 4. Esbjerg Gruppe","url":"http:\/\/www.4esbjerg.dk\/WP\/","logo":{"@type":"ImageObject","inLanguage":"en-US","@id":"http:\/\/www.4esbjerg.dk\/WP\/#\/schema\/logo\/image\/","url":"https:\/\/i0.wp.com\/www.4esbjerg.dk\/WP\/wp-content\/uploads\/2019\/05\/KFUM-Spejderne_farver_firkantet-redigeret.png?fit=867%2C867","contentUrl":"https:\/\/i0.wp.com\/www.4esbjerg.dk\/WP\/wp-content\/uploads\/2019\/05\/KFUM-Spejderne_farver_firkantet-redigeret.png?fit=867%2C867","width":867,"height":867,"caption":"KFUM 4. Esbjerg Gruppe"},"image":{"@id":"http:\/\/www.4esbjerg.dk\/WP\/#\/schema\/logo\/image\/"},"sameAs":["http:\/\/www.facebook.com\/4esbjerg\/"]}]}},"jetpack_sharing_enabled":true,"_links":{"self":[{"href":"https:\/\/www.4esbjerg.dk\/WP\/wp-json\/wp\/v2\/pages\/199","targetHints":{"allow":["GET"]}}],"collection":[{"href":"https:\/\/www.4esbjerg.dk\/WP\/wp-json\/wp\/v2\/pages"}],"about":[{"href":"https:\/\/www.4esbjerg.dk\/WP\/wp-json\/wp\/v2\/types\/page"}],"author":[{"embeddable":true,"href":"https:\/\/www.4esbjerg.dk\/WP\/wp-json\/wp\/v2\/users\/1"}],"replies":[{"embeddable":true,"href":"https:\/\/www.4esbjerg.dk\/WP\/wp-json\/wp\/v2\/comments?post=199"}],"version-history":[{"count":7,"href":"https:\/\/www.4esbjerg.dk\/WP\/wp-json\/wp\/v2\/pages\/199\/revisions"}],"predecessor-version":[{"id":804,"href":"https:\/\/www.4esbjerg.dk\/WP\/wp-json\/wp\/v2\/pages\/199\/revisions\/804"}],"up":[{"embeddable":true,"href":"https:\/\/www.4esbjerg.dk\/WP\/wp-json\/wp\/v2\/pages\/139"}],"wp:attachment":[{"href":"https:\/\/www.4esbjerg.dk\/WP\/wp-json\/wp\/v2\/media?parent=199"}],"curies":[{"name":"wp","href":"https:\/\/api.w.org\/{rel}","templated":true}]}}