{"id":299,"date":"2019-09-04T23:37:45","date_gmt":"2019-09-04T21:37:45","guid":{"rendered":"http:\/\/www.4esbjerg.dk\/WP\/?page_id=299"},"modified":"2023-10-03T22:46:20","modified_gmt":"2023-10-03T21:46:20","slug":"bliv-medlem-af-gruppen","status":"publish","type":"page","link":"https:\/\/www.4esbjerg.dk\/WP\/bliv-medlem-af-gruppen\/","title":{"rendered":"Bliv medlem af gruppen"},"content":{"rendered":"\n<p>Hvis du \u00f8nsker at blive medlem af gruppen, s\u00e5 skal du blot udfylde vores formular p\u00e5 KFUM spejdernes hjemmeside. S\u00e5 bliver du automatisk indmeldt i vores gruppe<\/p>\n\n\n\n<p class=\"has-text-align-center\"><a href=\"https:\/\/medlemsservice.spejdernet.dk\/member\/signup\/5404\">Opret mig som medlem<\/a><\/p>\n\n\n\n<p>Du skal v\u00e6lge den gruppe du skal starte i. Felter hedder &#8220;Afdeling&#8221;:<\/p>\n\n\n\n<figure class=\"wp-block-table is-style-stripes\"><table class=\"\"><thead><tr><th> <strong>&#8220;Afdeling&#8221; du starter i<\/strong> <\/th><th> <strong>Alder<\/strong> <\/th><th> <strong>M\u00f8detid<\/strong> <\/th><\/tr><\/thead><tbody><tr><td>B\u00e6ver<\/td><td>0. og 1. klasse<\/td><td>Onsdage kl 17.00 &#8211; 18.15<\/td><\/tr><tr><td>Ulve<\/td><td>2. og 3. klasse<\/td><td>Onsdage kl 17.00 &#8211; 18.15 <\/td><\/tr><tr><td>Junior<\/td><td>4. og 5. klasse<\/td><td>Onsdage kl 18.30 &#8211; 20.00 <\/td><\/tr><tr><td>Trop<\/td><td>6. og 7. klasse<\/td><td>Onsdage kl 18.30 &#8211; 20.00 <\/td><\/tr><tr><td>Senior<\/td><td>8. og 9. klasse<\/td><td>Onsdage kl 18.30 &#8211; 20.00 <\/td><\/tr><tr><td>Familiespejder<\/td><td>3 &#8211; 6 \u00e5r med for\u00e6lde<\/td><td>1 s\u00f8ndag\/m\u00e5ned kl 09.30 &#8211; 12.30<\/td><\/tr><tr><td>Klatre<\/td><td>Alle aldre inkl.spejdere<\/td><td><a href=\"http:\/\/www.4esbjerg.dk\/WP\/klatre-gruppen\/\">Se yderligere info<\/a><\/td><\/tr><\/tbody><\/table><\/figure>\n\n\n\n<p><\/p>\n\n\n\n<p> <\/p>\n\n\n\n<p><\/p>\n","protected":false},"excerpt":{"rendered":"<p>Hvis du \u00f8nsker at blive medlem af gruppen, s\u00e5 skal du blot udfylde vores formular p\u00e5 KFUM spejdernes hjemmeside. S\u00e5 bliver du automatisk indmeldt i vores gruppe Opret mig som medlem Du skal v\u00e6lge den gruppe du skal starte i. Felter hedder &#8220;Afdeling&#8221;: &#8220;Afdeling&#8221; du starter i Alder M\u00f8detid B\u00e6ver 0. og 1. klasse Onsdage&#8230;<\/p>\n","protected":false},"author":1,"featured_media":0,"parent":0,"menu_order":0,"comment_status":"closed","ping_status":"closed","template":"","meta":{"_exactmetrics_skip_tracking":false,"_exactmetrics_sitenote_active":false,"_exactmetrics_sitenote_note":"","_exactmetrics_sitenote_category":0,"_uf_show_specific_survey":0,"_uf_disable_surveys":false,"ngg_post_thumbnail":0,"footnotes":""},"class_list":["post-299","page","type-page","status-publish","hentry"],"aioseo_notices":[],"yoast_head":"<!-- This site is optimized with the Yoast SEO plugin v27.3 - https:\/\/yoast.com\/product\/yoast-seo-wordpress\/ -->\n<title>Bliv medlem af gruppen - KFUM 4. Esbjerg Gruppe<\/title>\n<meta name=\"robots\" content=\"index, follow, max-snippet:-1, max-image-preview:large, max-video-preview:-1\" \/>\n<link rel=\"canonical\" href=\"http:\/\/www.4esbjerg.dk\/WP\/bliv-medlem-af-gruppen\/\" \/>\n<meta property=\"og:locale\" content=\"en_US\" \/>\n<meta property=\"og:type\" content=\"article\" \/>\n<meta property=\"og:title\" content=\"Bliv medlem af gruppen - KFUM 4. Esbjerg Gruppe\" \/>\n<meta property=\"og:description\" content=\"Hvis du \u00f8nsker at blive medlem af gruppen, s\u00e5 skal du blot udfylde vores formular p\u00e5 KFUM spejdernes hjemmeside. S\u00e5 bliver du automatisk indmeldt i vores gruppe Opret mig som medlem Du skal v\u00e6lge den gruppe du skal starte i. Felter hedder &#8220;Afdeling&#8221;: &#8220;Afdeling&#8221; du starter i Alder M\u00f8detid B\u00e6ver 0. og 1. klasse Onsdage...\" \/>\n<meta property=\"og:url\" content=\"http:\/\/www.4esbjerg.dk\/WP\/bliv-medlem-af-gruppen\/\" \/>\n<meta property=\"og:site_name\" content=\"KFUM 4. Esbjerg Gruppe\" \/>\n<meta property=\"article:publisher\" content=\"http:\/\/www.facebook.com\/4esbjerg\/\" \/>\n<meta property=\"article:modified_time\" content=\"2023-10-03T21:46:20+00:00\" \/>\n<meta name=\"twitter:card\" content=\"summary_large_image\" \/>\n<script type=\"application\/ld+json\" class=\"yoast-schema-graph\">{\"@context\":\"https:\\\/\\\/schema.org\",\"@graph\":[{\"@type\":\"WebPage\",\"@id\":\"http:\\\/\\\/www.4esbjerg.dk\\\/WP\\\/bliv-medlem-af-gruppen\\\/\",\"url\":\"http:\\\/\\\/www.4esbjerg.dk\\\/WP\\\/bliv-medlem-af-gruppen\\\/\",\"name\":\"Bliv medlem af gruppen - KFUM 4. Esbjerg Gruppe\",\"isPartOf\":{\"@id\":\"http:\\\/\\\/www.4esbjerg.dk\\\/WP\\\/#website\"},\"datePublished\":\"2019-09-04T21:37:45+00:00\",\"dateModified\":\"2023-10-03T21:46:20+00:00\",\"breadcrumb\":{\"@id\":\"http:\\\/\\\/www.4esbjerg.dk\\\/WP\\\/bliv-medlem-af-gruppen\\\/#breadcrumb\"},\"inLanguage\":\"en-US\",\"potentialAction\":[{\"@type\":\"ReadAction\",\"target\":[\"http:\\\/\\\/www.4esbjerg.dk\\\/WP\\\/bliv-medlem-af-gruppen\\\/\"]}]},{\"@type\":\"BreadcrumbList\",\"@id\":\"http:\\\/\\\/www.4esbjerg.dk\\\/WP\\\/bliv-medlem-af-gruppen\\\/#breadcrumb\",\"itemListElement\":[{\"@type\":\"ListItem\",\"position\":1,\"name\":\"Home\",\"item\":\"http:\\\/\\\/www.4esbjerg.dk\\\/WP\\\/\"},{\"@type\":\"ListItem\",\"position\":2,\"name\":\"Bliv medlem af gruppen\"}]},{\"@type\":\"WebSite\",\"@id\":\"http:\\\/\\\/www.4esbjerg.dk\\\/WP\\\/#website\",\"url\":\"http:\\\/\\\/www.4esbjerg.dk\\\/WP\\\/\",\"name\":\"KFUM 4. Esbjerg Gruppe\",\"description\":\"Er du til Spejderlivet eller klatring, s\u00e5 er du havnet det rigtige sted\",\"publisher\":{\"@id\":\"http:\\\/\\\/www.4esbjerg.dk\\\/WP\\\/#organization\"},\"potentialAction\":[{\"@type\":\"SearchAction\",\"target\":{\"@type\":\"EntryPoint\",\"urlTemplate\":\"http:\\\/\\\/www.4esbjerg.dk\\\/WP\\\/?s={search_term_string}\"},\"query-input\":{\"@type\":\"PropertyValueSpecification\",\"valueRequired\":true,\"valueName\":\"search_term_string\"}}],\"inLanguage\":\"en-US\"},{\"@type\":\"Organization\",\"@id\":\"http:\\\/\\\/www.4esbjerg.dk\\\/WP\\\/#organization\",\"name\":\"KFUM 4. Esbjerg Gruppe\",\"url\":\"http:\\\/\\\/www.4esbjerg.dk\\\/WP\\\/\",\"logo\":{\"@type\":\"ImageObject\",\"inLanguage\":\"en-US\",\"@id\":\"http:\\\/\\\/www.4esbjerg.dk\\\/WP\\\/#\\\/schema\\\/logo\\\/image\\\/\",\"url\":\"https:\\\/\\\/i0.wp.com\\\/www.4esbjerg.dk\\\/WP\\\/wp-content\\\/uploads\\\/2019\\\/05\\\/KFUM-Spejderne_farver_firkantet-redigeret.png?fit=867%2C867\",\"contentUrl\":\"https:\\\/\\\/i0.wp.com\\\/www.4esbjerg.dk\\\/WP\\\/wp-content\\\/uploads\\\/2019\\\/05\\\/KFUM-Spejderne_farver_firkantet-redigeret.png?fit=867%2C867\",\"width\":867,\"height\":867,\"caption\":\"KFUM 4. Esbjerg Gruppe\"},\"image\":{\"@id\":\"http:\\\/\\\/www.4esbjerg.dk\\\/WP\\\/#\\\/schema\\\/logo\\\/image\\\/\"},\"sameAs\":[\"http:\\\/\\\/www.facebook.com\\\/4esbjerg\\\/\"]}]}<\/script>\n<!-- \/ Yoast SEO plugin. -->","yoast_head_json":{"title":"Bliv medlem af gruppen - KFUM 4. Esbjerg Gruppe","robots":{"index":"index","follow":"follow","max-snippet":"max-snippet:-1","max-image-preview":"max-image-preview:large","max-video-preview":"max-video-preview:-1"},"canonical":"http:\/\/www.4esbjerg.dk\/WP\/bliv-medlem-af-gruppen\/","og_locale":"en_US","og_type":"article","og_title":"Bliv medlem af gruppen - KFUM 4. Esbjerg Gruppe","og_description":"Hvis du \u00f8nsker at blive medlem af gruppen, s\u00e5 skal du blot udfylde vores formular p\u00e5 KFUM spejdernes hjemmeside. S\u00e5 bliver du automatisk indmeldt i vores gruppe Opret mig som medlem Du skal v\u00e6lge den gruppe du skal starte i. Felter hedder &#8220;Afdeling&#8221;: &#8220;Afdeling&#8221; du starter i Alder M\u00f8detid B\u00e6ver 0. og 1. klasse Onsdage...","og_url":"http:\/\/www.4esbjerg.dk\/WP\/bliv-medlem-af-gruppen\/","og_site_name":"KFUM 4. Esbjerg Gruppe","article_publisher":"http:\/\/www.facebook.com\/4esbjerg\/","article_modified_time":"2023-10-03T21:46:20+00:00","twitter_card":"summary_large_image","schema":{"@context":"https:\/\/schema.org","@graph":[{"@type":"WebPage","@id":"http:\/\/www.4esbjerg.dk\/WP\/bliv-medlem-af-gruppen\/","url":"http:\/\/www.4esbjerg.dk\/WP\/bliv-medlem-af-gruppen\/","name":"Bliv medlem af gruppen - KFUM 4. Esbjerg Gruppe","isPartOf":{"@id":"http:\/\/www.4esbjerg.dk\/WP\/#website"},"datePublished":"2019-09-04T21:37:45+00:00","dateModified":"2023-10-03T21:46:20+00:00","breadcrumb":{"@id":"http:\/\/www.4esbjerg.dk\/WP\/bliv-medlem-af-gruppen\/#breadcrumb"},"inLanguage":"en-US","potentialAction":[{"@type":"ReadAction","target":["http:\/\/www.4esbjerg.dk\/WP\/bliv-medlem-af-gruppen\/"]}]},{"@type":"BreadcrumbList","@id":"http:\/\/www.4esbjerg.dk\/WP\/bliv-medlem-af-gruppen\/#breadcrumb","itemListElement":[{"@type":"ListItem","position":1,"name":"Home","item":"http:\/\/www.4esbjerg.dk\/WP\/"},{"@type":"ListItem","position":2,"name":"Bliv medlem af gruppen"}]},{"@type":"WebSite","@id":"http:\/\/www.4esbjerg.dk\/WP\/#website","url":"http:\/\/www.4esbjerg.dk\/WP\/","name":"KFUM 4. Esbjerg Gruppe","description":"Er du til Spejderlivet eller klatring, s\u00e5 er du havnet det rigtige sted","publisher":{"@id":"http:\/\/www.4esbjerg.dk\/WP\/#organization"},"potentialAction":[{"@type":"SearchAction","target":{"@type":"EntryPoint","urlTemplate":"http:\/\/www.4esbjerg.dk\/WP\/?s={search_term_string}"},"query-input":{"@type":"PropertyValueSpecification","valueRequired":true,"valueName":"search_term_string"}}],"inLanguage":"en-US"},{"@type":"Organization","@id":"http:\/\/www.4esbjerg.dk\/WP\/#organization","name":"KFUM 4. Esbjerg Gruppe","url":"http:\/\/www.4esbjerg.dk\/WP\/","logo":{"@type":"ImageObject","inLanguage":"en-US","@id":"http:\/\/www.4esbjerg.dk\/WP\/#\/schema\/logo\/image\/","url":"https:\/\/i0.wp.com\/www.4esbjerg.dk\/WP\/wp-content\/uploads\/2019\/05\/KFUM-Spejderne_farver_firkantet-redigeret.png?fit=867%2C867","contentUrl":"https:\/\/i0.wp.com\/www.4esbjerg.dk\/WP\/wp-content\/uploads\/2019\/05\/KFUM-Spejderne_farver_firkantet-redigeret.png?fit=867%2C867","width":867,"height":867,"caption":"KFUM 4. Esbjerg Gruppe"},"image":{"@id":"http:\/\/www.4esbjerg.dk\/WP\/#\/schema\/logo\/image\/"},"sameAs":["http:\/\/www.facebook.com\/4esbjerg\/"]}]}},"jetpack_sharing_enabled":true,"_links":{"self":[{"href":"https:\/\/www.4esbjerg.dk\/WP\/wp-json\/wp\/v2\/pages\/299","targetHints":{"allow":["GET"]}}],"collection":[{"href":"https:\/\/www.4esbjerg.dk\/WP\/wp-json\/wp\/v2\/pages"}],"about":[{"href":"https:\/\/www.4esbjerg.dk\/WP\/wp-json\/wp\/v2\/types\/page"}],"author":[{"embeddable":true,"href":"https:\/\/www.4esbjerg.dk\/WP\/wp-json\/wp\/v2\/users\/1"}],"replies":[{"embeddable":true,"href":"https:\/\/www.4esbjerg.dk\/WP\/wp-json\/wp\/v2\/comments?post=299"}],"version-history":[{"count":7,"href":"https:\/\/www.4esbjerg.dk\/WP\/wp-json\/wp\/v2\/pages\/299\/revisions"}],"predecessor-version":[{"id":791,"href":"https:\/\/www.4esbjerg.dk\/WP\/wp-json\/wp\/v2\/pages\/299\/revisions\/791"}],"wp:attachment":[{"href":"https:\/\/www.4esbjerg.dk\/WP\/wp-json\/wp\/v2\/media?parent=299"}],"curies":[{"name":"wp","href":"https:\/\/api.w.org\/{rel}","templated":true}]}}