{"id":820,"date":"2024-04-08T19:25:08","date_gmt":"2024-04-08T18:25:08","guid":{"rendered":"http:\/\/www.4esbjerg.dk\/WP\/?page_id=820"},"modified":"2025-06-21T15:50:41","modified_gmt":"2025-06-21T14:50:41","slug":"junior-og-trop","status":"publish","type":"page","link":"https:\/\/www.4esbjerg.dk\/WP\/junior-og-trop\/","title":{"rendered":"Junior og Trop"},"content":{"rendered":"\n<p>Junior er for 4. \u2013 5. klasse<br>Trop er for 6. \u2013 8. klasse<\/p>\n\n\n\n<p>Vi m\u00f8des Onsdage kl. 18.30 \u2013 20.00 i\u00a0Sl\u00e5envej 7, \u00a0med mindre at andet er angivet.<br><br>Leder for junior spejder er Janni Silberbauer.<\/p>\n\n\n\n<p>Lederne er Brigitte Birkemose, Brian Birkemose for Tropsspejdere.<\/p>\n\n\n\n<p><\/p>\n\n\n\n<p><\/p>\n\n\n\n<p><\/p>\n\n\n\n<h2 class=\"wp-block-heading\">Hvad laver Junior og Trop<\/h2>\n\n\n\n<p>N\u00e5r man bliver Junior, tager man for alvor hul p\u00e5 spejderlivet. Det er nu, at man bl.a. l\u00e6rer at h\u00e5ndtere en \u00f8kse og rejse et telt alene. Man begynder at l\u00e6re at klare sig selv.&nbsp;Som Junior f\u00e5r man mere ansvar end f\u00f8r. Man begynder at v\u00e6re opdelt i patruljer, hvor der findes en patruljeleder og assistent blandt spejderne. I patruljen l\u00f8ser de deres opgaver i f\u00e6llesskab, med hj\u00e6lp fra lederne.&nbsp;<\/p>\n\n\n\n<p>Som Tropsspejder kan Aktiviteter best\u00e5 i at tage forskellige m\u00e6rker, forberede ture og lejre, eller hj\u00e6lpe gruppen med st\u00f8rre opgaver. Efterh\u00e5nden som spejderne bliver \u00e6ldre, stiger aktiviteterne i sv\u00e6rhedsgrad samtidig med at graden af \u201cvoksenstyring\u201d falder. Der bliver sat meget fokus p\u00e5 princippet \u201cLearning by doing\u201d. Man l\u00e6rer kun at bygge et raftet\u00e5rn eller lave mad over b\u00e5l ved at pr\u00f8ve.&nbsp;N\u00e5r man er tropspejder, er man inddelt i patruljer, p\u00e5 samme m\u00e5de som juniorerne.<\/p>\n\n\n\n<p>Se mere p\u00e5&nbsp;<a href=\"https:\/\/www.kfumspejderne.dk\/\">https:\/\/www.kfumspejderne.dk\/<\/a><\/p>\n","protected":false},"excerpt":{"rendered":"<p>Junior er for 4. \u2013 5. klasseTrop er for 6. \u2013 8. klasse Vi m\u00f8des Onsdage kl. 18.30 \u2013 20.00 i\u00a0Sl\u00e5envej 7, \u00a0med mindre at andet er angivet. Leder for junior spejder er Janni Silberbauer. Lederne er Brigitte Birkemose, Brian Birkemose for Tropsspejdere. Hvad laver Junior og Trop N\u00e5r man bliver Junior, tager man for&#8230;<\/p>\n","protected":false},"author":18,"featured_media":0,"parent":0,"menu_order":0,"comment_status":"closed","ping_status":"closed","template":"","meta":{"_exactmetrics_skip_tracking":false,"_exactmetrics_sitenote_active":false,"_exactmetrics_sitenote_note":"","_exactmetrics_sitenote_category":0,"_uf_show_specific_survey":0,"_uf_disable_surveys":false,"ngg_post_thumbnail":0,"footnotes":""},"class_list":["post-820","page","type-page","status-publish","hentry"],"aioseo_notices":[],"yoast_head":"<!-- This site is optimized with the Yoast SEO plugin v27.3 - https:\/\/yoast.com\/product\/yoast-seo-wordpress\/ -->\n<title>Junior og Trop - KFUM 4. Esbjerg Gruppe<\/title>\n<meta name=\"robots\" content=\"index, follow, max-snippet:-1, max-image-preview:large, max-video-preview:-1\" \/>\n<link rel=\"canonical\" href=\"http:\/\/www.4esbjerg.dk\/WP\/junior-og-trop\/\" \/>\n<meta property=\"og:locale\" content=\"en_US\" \/>\n<meta property=\"og:type\" content=\"article\" \/>\n<meta property=\"og:title\" content=\"Junior og Trop - KFUM 4. Esbjerg Gruppe\" \/>\n<meta property=\"og:description\" content=\"Junior er for 4. \u2013 5. klasseTrop er for 6. \u2013 8. klasse Vi m\u00f8des Onsdage kl. 18.30 \u2013 20.00 i\u00a0Sl\u00e5envej 7, \u00a0med mindre at andet er angivet. Leder for junior spejder er Janni Silberbauer. Lederne er Brigitte Birkemose, Brian Birkemose for Tropsspejdere. Hvad laver Junior og Trop N\u00e5r man bliver Junior, tager man for...\" \/>\n<meta property=\"og:url\" content=\"http:\/\/www.4esbjerg.dk\/WP\/junior-og-trop\/\" \/>\n<meta property=\"og:site_name\" content=\"KFUM 4. Esbjerg Gruppe\" \/>\n<meta property=\"article:publisher\" content=\"http:\/\/www.facebook.com\/4esbjerg\/\" \/>\n<meta property=\"article:modified_time\" content=\"2025-06-21T14:50:41+00:00\" \/>\n<meta name=\"twitter:card\" content=\"summary_large_image\" \/>\n<meta name=\"twitter:label1\" content=\"Est. reading time\" \/>\n\t<meta name=\"twitter:data1\" content=\"1 minute\" \/>\n<script type=\"application\/ld+json\" class=\"yoast-schema-graph\">{\"@context\":\"https:\\\/\\\/schema.org\",\"@graph\":[{\"@type\":\"WebPage\",\"@id\":\"http:\\\/\\\/www.4esbjerg.dk\\\/WP\\\/junior-og-trop\\\/\",\"url\":\"http:\\\/\\\/www.4esbjerg.dk\\\/WP\\\/junior-og-trop\\\/\",\"name\":\"Junior og Trop - KFUM 4. Esbjerg Gruppe\",\"isPartOf\":{\"@id\":\"http:\\\/\\\/www.4esbjerg.dk\\\/WP\\\/#website\"},\"datePublished\":\"2024-04-08T18:25:08+00:00\",\"dateModified\":\"2025-06-21T14:50:41+00:00\",\"breadcrumb\":{\"@id\":\"http:\\\/\\\/www.4esbjerg.dk\\\/WP\\\/junior-og-trop\\\/#breadcrumb\"},\"inLanguage\":\"en-US\",\"potentialAction\":[{\"@type\":\"ReadAction\",\"target\":[\"http:\\\/\\\/www.4esbjerg.dk\\\/WP\\\/junior-og-trop\\\/\"]}]},{\"@type\":\"BreadcrumbList\",\"@id\":\"http:\\\/\\\/www.4esbjerg.dk\\\/WP\\\/junior-og-trop\\\/#breadcrumb\",\"itemListElement\":[{\"@type\":\"ListItem\",\"position\":1,\"name\":\"Home\",\"item\":\"http:\\\/\\\/www.4esbjerg.dk\\\/WP\\\/\"},{\"@type\":\"ListItem\",\"position\":2,\"name\":\"Junior og Trop\"}]},{\"@type\":\"WebSite\",\"@id\":\"http:\\\/\\\/www.4esbjerg.dk\\\/WP\\\/#website\",\"url\":\"http:\\\/\\\/www.4esbjerg.dk\\\/WP\\\/\",\"name\":\"KFUM 4. Esbjerg Gruppe\",\"description\":\"Er du til Spejderlivet eller klatring, s\u00e5 er du havnet det rigtige sted\",\"publisher\":{\"@id\":\"http:\\\/\\\/www.4esbjerg.dk\\\/WP\\\/#organization\"},\"potentialAction\":[{\"@type\":\"SearchAction\",\"target\":{\"@type\":\"EntryPoint\",\"urlTemplate\":\"http:\\\/\\\/www.4esbjerg.dk\\\/WP\\\/?s={search_term_string}\"},\"query-input\":{\"@type\":\"PropertyValueSpecification\",\"valueRequired\":true,\"valueName\":\"search_term_string\"}}],\"inLanguage\":\"en-US\"},{\"@type\":\"Organization\",\"@id\":\"http:\\\/\\\/www.4esbjerg.dk\\\/WP\\\/#organization\",\"name\":\"KFUM 4. Esbjerg Gruppe\",\"url\":\"http:\\\/\\\/www.4esbjerg.dk\\\/WP\\\/\",\"logo\":{\"@type\":\"ImageObject\",\"inLanguage\":\"en-US\",\"@id\":\"http:\\\/\\\/www.4esbjerg.dk\\\/WP\\\/#\\\/schema\\\/logo\\\/image\\\/\",\"url\":\"https:\\\/\\\/i0.wp.com\\\/www.4esbjerg.dk\\\/WP\\\/wp-content\\\/uploads\\\/2019\\\/05\\\/KFUM-Spejderne_farver_firkantet-redigeret.png?fit=867%2C867\",\"contentUrl\":\"https:\\\/\\\/i0.wp.com\\\/www.4esbjerg.dk\\\/WP\\\/wp-content\\\/uploads\\\/2019\\\/05\\\/KFUM-Spejderne_farver_firkantet-redigeret.png?fit=867%2C867\",\"width\":867,\"height\":867,\"caption\":\"KFUM 4. Esbjerg Gruppe\"},\"image\":{\"@id\":\"http:\\\/\\\/www.4esbjerg.dk\\\/WP\\\/#\\\/schema\\\/logo\\\/image\\\/\"},\"sameAs\":[\"http:\\\/\\\/www.facebook.com\\\/4esbjerg\\\/\"]}]}<\/script>\n<!-- \/ Yoast SEO plugin. -->","yoast_head_json":{"title":"Junior og Trop - KFUM 4. Esbjerg Gruppe","robots":{"index":"index","follow":"follow","max-snippet":"max-snippet:-1","max-image-preview":"max-image-preview:large","max-video-preview":"max-video-preview:-1"},"canonical":"http:\/\/www.4esbjerg.dk\/WP\/junior-og-trop\/","og_locale":"en_US","og_type":"article","og_title":"Junior og Trop - KFUM 4. Esbjerg Gruppe","og_description":"Junior er for 4. \u2013 5. klasseTrop er for 6. \u2013 8. klasse Vi m\u00f8des Onsdage kl. 18.30 \u2013 20.00 i\u00a0Sl\u00e5envej 7, \u00a0med mindre at andet er angivet. Leder for junior spejder er Janni Silberbauer. Lederne er Brigitte Birkemose, Brian Birkemose for Tropsspejdere. Hvad laver Junior og Trop N\u00e5r man bliver Junior, tager man for...","og_url":"http:\/\/www.4esbjerg.dk\/WP\/junior-og-trop\/","og_site_name":"KFUM 4. Esbjerg Gruppe","article_publisher":"http:\/\/www.facebook.com\/4esbjerg\/","article_modified_time":"2025-06-21T14:50:41+00:00","twitter_card":"summary_large_image","twitter_misc":{"Est. reading time":"1 minute"},"schema":{"@context":"https:\/\/schema.org","@graph":[{"@type":"WebPage","@id":"http:\/\/www.4esbjerg.dk\/WP\/junior-og-trop\/","url":"http:\/\/www.4esbjerg.dk\/WP\/junior-og-trop\/","name":"Junior og Trop - KFUM 4. Esbjerg Gruppe","isPartOf":{"@id":"http:\/\/www.4esbjerg.dk\/WP\/#website"},"datePublished":"2024-04-08T18:25:08+00:00","dateModified":"2025-06-21T14:50:41+00:00","breadcrumb":{"@id":"http:\/\/www.4esbjerg.dk\/WP\/junior-og-trop\/#breadcrumb"},"inLanguage":"en-US","potentialAction":[{"@type":"ReadAction","target":["http:\/\/www.4esbjerg.dk\/WP\/junior-og-trop\/"]}]},{"@type":"BreadcrumbList","@id":"http:\/\/www.4esbjerg.dk\/WP\/junior-og-trop\/#breadcrumb","itemListElement":[{"@type":"ListItem","position":1,"name":"Home","item":"http:\/\/www.4esbjerg.dk\/WP\/"},{"@type":"ListItem","position":2,"name":"Junior og Trop"}]},{"@type":"WebSite","@id":"http:\/\/www.4esbjerg.dk\/WP\/#website","url":"http:\/\/www.4esbjerg.dk\/WP\/","name":"KFUM 4. Esbjerg Gruppe","description":"Er du til Spejderlivet eller klatring, s\u00e5 er du havnet det rigtige sted","publisher":{"@id":"http:\/\/www.4esbjerg.dk\/WP\/#organization"},"potentialAction":[{"@type":"SearchAction","target":{"@type":"EntryPoint","urlTemplate":"http:\/\/www.4esbjerg.dk\/WP\/?s={search_term_string}"},"query-input":{"@type":"PropertyValueSpecification","valueRequired":true,"valueName":"search_term_string"}}],"inLanguage":"en-US"},{"@type":"Organization","@id":"http:\/\/www.4esbjerg.dk\/WP\/#organization","name":"KFUM 4. Esbjerg Gruppe","url":"http:\/\/www.4esbjerg.dk\/WP\/","logo":{"@type":"ImageObject","inLanguage":"en-US","@id":"http:\/\/www.4esbjerg.dk\/WP\/#\/schema\/logo\/image\/","url":"https:\/\/i0.wp.com\/www.4esbjerg.dk\/WP\/wp-content\/uploads\/2019\/05\/KFUM-Spejderne_farver_firkantet-redigeret.png?fit=867%2C867","contentUrl":"https:\/\/i0.wp.com\/www.4esbjerg.dk\/WP\/wp-content\/uploads\/2019\/05\/KFUM-Spejderne_farver_firkantet-redigeret.png?fit=867%2C867","width":867,"height":867,"caption":"KFUM 4. Esbjerg Gruppe"},"image":{"@id":"http:\/\/www.4esbjerg.dk\/WP\/#\/schema\/logo\/image\/"},"sameAs":["http:\/\/www.facebook.com\/4esbjerg\/"]}]}},"jetpack_sharing_enabled":true,"_links":{"self":[{"href":"https:\/\/www.4esbjerg.dk\/WP\/wp-json\/wp\/v2\/pages\/820","targetHints":{"allow":["GET"]}}],"collection":[{"href":"https:\/\/www.4esbjerg.dk\/WP\/wp-json\/wp\/v2\/pages"}],"about":[{"href":"https:\/\/www.4esbjerg.dk\/WP\/wp-json\/wp\/v2\/types\/page"}],"author":[{"embeddable":true,"href":"https:\/\/www.4esbjerg.dk\/WP\/wp-json\/wp\/v2\/users\/18"}],"replies":[{"embeddable":true,"href":"https:\/\/www.4esbjerg.dk\/WP\/wp-json\/wp\/v2\/comments?post=820"}],"version-history":[{"count":4,"href":"https:\/\/www.4esbjerg.dk\/WP\/wp-json\/wp\/v2\/pages\/820\/revisions"}],"predecessor-version":[{"id":1025,"href":"https:\/\/www.4esbjerg.dk\/WP\/wp-json\/wp\/v2\/pages\/820\/revisions\/1025"}],"wp:attachment":[{"href":"https:\/\/www.4esbjerg.dk\/WP\/wp-json\/wp\/v2\/media?parent=820"}],"curies":[{"name":"wp","href":"https:\/\/api.w.org\/{rel}","templated":true}]}}